
{"id":26343,"date":"2023-09-22T06:57:38","date_gmt":"2023-09-22T12:57:38","guid":{"rendered":"https:\/\/trymata.com\/tools-zum-testen-der-benutzeroberflaeche-ui\/"},"modified":"2023-09-22T06:57:38","modified_gmt":"2023-09-22T12:57:38","slug":"tools-zum-testen-der-benutzeroberflaeche-ui","status":"publish","type":"page","link":"https:\/\/trymata.com\/de\/tools-zum-testen-der-benutzeroberflaeche-ui\/","title":{"rendered":"Tools zum Testen der Benutzeroberfl\u00e4che (UI)"},"content":{"rendered":"","protected":false},"excerpt":{"rendered":"","protected":false},"author":1,"featured_media":0,"parent":0,"menu_order":0,"comment_status":"closed","ping_status":"closed","template":"templates\/why-trymata-product.php","meta":{"footnotes":""},"class_list":["post-26343","page","type-page","status-publish","hentry"],"yoast_head":"<!-- This site is optimized with the Yoast SEO plugin v26.9 - https:\/\/yoast.com\/product\/yoast-seo-wordpress\/ -->\n<title>Tools zum Testen der Benutzeroberfl\u00e4che (UI) - Trymata<\/title>\n<meta name=\"description\" content=\"User Interface (UI) Testing Tools von Trymata ist ein sicherer Weg, um UI-R\u00e4tsel zu eliminieren und herauszufinden, was Ihre Benutzer tats\u00e4chlich wollen und bevorzugen. Testen Sie Ihre Website, App, Software oder jedes andere digitale Produkt. Starten Sie kostenlos!\" \/>\n<meta name=\"robots\" content=\"index, follow, max-snippet:-1, max-image-preview:large, max-video-preview:-1\" \/>\n<link rel=\"canonical\" href=\"https:\/\/trymata.com\/de\/tools-zum-testen-der-benutzeroberflaeche-ui\/\" \/>\n<meta property=\"og:locale\" content=\"de_DE\" \/>\n<meta property=\"og:type\" content=\"article\" \/>\n<meta property=\"og:title\" content=\"Tools zum Testen der Benutzeroberfl\u00e4che (UI) - Trymata\" \/>\n<meta property=\"og:description\" content=\"User Interface (UI) Testing Tools von Trymata ist ein sicherer Weg, um UI-R\u00e4tsel zu eliminieren und herauszufinden, was Ihre Benutzer tats\u00e4chlich wollen und bevorzugen. Testen Sie Ihre Website, App, Software oder jedes andere digitale Produkt. Starten Sie kostenlos!\" \/>\n<meta property=\"og:url\" content=\"https:\/\/trymata.com\/de\/tools-zum-testen-der-benutzeroberflaeche-ui\/\" \/>\n<meta property=\"og:site_name\" content=\"Trymata\" \/>\n<meta name=\"twitter:card\" content=\"summary_large_image\" \/>\n<meta name=\"twitter:site\" content=\"@trymyui\" \/>\n<!-- \/ Yoast SEO plugin. -->","yoast_head_json":{"title":"Tools zum Testen der Benutzeroberfl\u00e4che (UI) - Trymata","description":"User Interface (UI) Testing Tools von Trymata ist ein sicherer Weg, um UI-R\u00e4tsel zu eliminieren und herauszufinden, was Ihre Benutzer tats\u00e4chlich wollen und bevorzugen. Testen Sie Ihre Website, App, Software oder jedes andere digitale Produkt. Starten Sie kostenlos!","robots":{"index":"index","follow":"follow","max-snippet":"max-snippet:-1","max-image-preview":"max-image-preview:large","max-video-preview":"max-video-preview:-1"},"canonical":"https:\/\/trymata.com\/de\/tools-zum-testen-der-benutzeroberflaeche-ui\/","og_locale":"de_DE","og_type":"article","og_title":"Tools zum Testen der Benutzeroberfl\u00e4che (UI) - Trymata","og_description":"User Interface (UI) Testing Tools von Trymata ist ein sicherer Weg, um UI-R\u00e4tsel zu eliminieren und herauszufinden, was Ihre Benutzer tats\u00e4chlich wollen und bevorzugen. Testen Sie Ihre Website, App, Software oder jedes andere digitale Produkt. Starten Sie kostenlos!","og_url":"https:\/\/trymata.com\/de\/tools-zum-testen-der-benutzeroberflaeche-ui\/","og_site_name":"Trymata","twitter_card":"summary_large_image","twitter_site":"@trymyui","schema":{"@context":"https:\/\/schema.org","@graph":[{"@type":"WebPage","@id":"https:\/\/trymata.com\/de\/tools-zum-testen-der-benutzeroberflaeche-ui\/","url":"https:\/\/trymata.com\/de\/tools-zum-testen-der-benutzeroberflaeche-ui\/","name":"Tools zum Testen der Benutzeroberfl\u00e4che (UI) - Trymata","isPartOf":{"@id":"https:\/\/trymata.com\/de\/#website"},"datePublished":"2023-09-22T12:57:38+00:00","description":"User Interface (UI) Testing Tools von Trymata ist ein sicherer Weg, um UI-R\u00e4tsel zu eliminieren und herauszufinden, was Ihre Benutzer tats\u00e4chlich wollen und bevorzugen. Testen Sie Ihre Website, App, Software oder jedes andere digitale Produkt. Starten Sie kostenlos!","breadcrumb":{"@id":"https:\/\/trymata.com\/de\/tools-zum-testen-der-benutzeroberflaeche-ui\/#breadcrumb"},"inLanguage":"de","potentialAction":[{"@type":"ReadAction","target":["https:\/\/trymata.com\/de\/tools-zum-testen-der-benutzeroberflaeche-ui\/"]}]},{"@type":"BreadcrumbList","@id":"https:\/\/trymata.com\/de\/tools-zum-testen-der-benutzeroberflaeche-ui\/#breadcrumb","itemListElement":[{"@type":"ListItem","position":1,"name":"Home","item":"https:\/\/trymata.com\/de\/"},{"@type":"ListItem","position":2,"name":"Tools zum Testen der Benutzeroberfl\u00e4che (UI)"}]},{"@type":"WebSite","@id":"https:\/\/trymata.com\/de\/#website","url":"https:\/\/trymata.com\/de\/","name":"Trymata","description":"","potentialAction":[{"@type":"SearchAction","target":{"@type":"EntryPoint","urlTemplate":"https:\/\/trymata.com\/de\/?s={search_term_string}"},"query-input":{"@type":"PropertyValueSpecification","valueRequired":true,"valueName":"search_term_string"}}],"inLanguage":"de"}]}},"_links":{"self":[{"href":"https:\/\/trymata.com\/de\/wp-json\/wp\/v2\/pages\/26343","targetHints":{"allow":["GET"]}}],"collection":[{"href":"https:\/\/trymata.com\/de\/wp-json\/wp\/v2\/pages"}],"about":[{"href":"https:\/\/trymata.com\/de\/wp-json\/wp\/v2\/types\/page"}],"author":[{"embeddable":true,"href":"https:\/\/trymata.com\/de\/wp-json\/wp\/v2\/users\/1"}],"replies":[{"embeddable":true,"href":"https:\/\/trymata.com\/de\/wp-json\/wp\/v2\/comments?post=26343"}],"version-history":[{"count":0,"href":"https:\/\/trymata.com\/de\/wp-json\/wp\/v2\/pages\/26343\/revisions"}],"wp:attachment":[{"href":"https:\/\/trymata.com\/de\/wp-json\/wp\/v2\/media?parent=26343"}],"curies":[{"name":"wp","href":"https:\/\/api.w.org\/{rel}","templated":true}]}}