
{"id":26422,"date":"2025-02-05T12:51:46","date_gmt":"2025-02-05T19:51:46","guid":{"rendered":"https:\/\/trymata.com\/werden-sie-ein-ux-tester\/"},"modified":"2025-02-05T12:51:46","modified_gmt":"2025-02-05T19:51:46","slug":"werden-sie-ein-ux-tester","status":"publish","type":"page","link":"https:\/\/trymata.com\/de\/werden-sie-ein-ux-tester\/","title":{"rendered":"Werden Sie ein UX-Tester"},"content":{"rendered":"","protected":false},"excerpt":{"rendered":"","protected":false},"author":1,"featured_media":0,"parent":0,"menu_order":0,"comment_status":"closed","ping_status":"closed","template":"templates\/why-trymata-startups-vcs.php","meta":{"footnotes":""},"class_list":["post-26422","page","type-page","status-publish","hentry"],"yoast_head":"<!-- This site is optimized with the Yoast SEO plugin v26.9 - https:\/\/yoast.com\/product\/yoast-seo-wordpress\/ -->\n<title>Werden Sie UX-Tester und lassen Sie sich daf\u00fcr bezahlen | Trymata<\/title>\n<meta name=\"description\" content=\"Mit den User Experience (UX) Research Tools von Trymata k\u00f6nnen Sie qualitative und quantitative UX-Forschung f\u00fcr alle Ger\u00e4te und digitalen Produkte durchf\u00fchren, egal ob Website, App oder Software. Beginnen Sie mit der kostenlosen Durchf\u00fchrung von User Experience Research und erhalten Sie echte Einblicke in die Bed\u00fcrfnisse und Vorlieben der Nutzer.\" \/>\n<meta name=\"robots\" content=\"index, follow, max-snippet:-1, max-image-preview:large, max-video-preview:-1\" \/>\n<link rel=\"canonical\" href=\"https:\/\/trymata.com\/de\/werden-sie-ein-ux-tester\/\" \/>\n<meta property=\"og:locale\" content=\"de_DE\" \/>\n<meta property=\"og:type\" content=\"article\" \/>\n<meta property=\"og:title\" content=\"Werden Sie UX-Tester und lassen Sie sich daf\u00fcr bezahlen | Trymata\" \/>\n<meta property=\"og:description\" content=\"Mit den User Experience (UX) Research Tools von Trymata k\u00f6nnen Sie qualitative und quantitative UX-Forschung f\u00fcr alle Ger\u00e4te und digitalen Produkte durchf\u00fchren, egal ob Website, App oder Software. Beginnen Sie mit der kostenlosen Durchf\u00fchrung von User Experience Research und erhalten Sie echte Einblicke in die Bed\u00fcrfnisse und Vorlieben der Nutzer.\" \/>\n<meta property=\"og:url\" content=\"https:\/\/trymata.com\/de\/werden-sie-ein-ux-tester\/\" \/>\n<meta property=\"og:site_name\" content=\"Trymata\" \/>\n<meta name=\"twitter:card\" content=\"summary_large_image\" \/>\n<meta name=\"twitter:site\" content=\"@trymyui\" \/>\n<!-- \/ Yoast SEO plugin. -->","yoast_head_json":{"title":"Werden Sie UX-Tester und lassen Sie sich daf\u00fcr bezahlen | Trymata","description":"Mit den User Experience (UX) Research Tools von Trymata k\u00f6nnen Sie qualitative und quantitative UX-Forschung f\u00fcr alle Ger\u00e4te und digitalen Produkte durchf\u00fchren, egal ob Website, App oder Software. Beginnen Sie mit der kostenlosen Durchf\u00fchrung von User Experience Research und erhalten Sie echte Einblicke in die Bed\u00fcrfnisse und Vorlieben der Nutzer.","robots":{"index":"index","follow":"follow","max-snippet":"max-snippet:-1","max-image-preview":"max-image-preview:large","max-video-preview":"max-video-preview:-1"},"canonical":"https:\/\/trymata.com\/de\/werden-sie-ein-ux-tester\/","og_locale":"de_DE","og_type":"article","og_title":"Werden Sie UX-Tester und lassen Sie sich daf\u00fcr bezahlen | Trymata","og_description":"Mit den User Experience (UX) Research Tools von Trymata k\u00f6nnen Sie qualitative und quantitative UX-Forschung f\u00fcr alle Ger\u00e4te und digitalen Produkte durchf\u00fchren, egal ob Website, App oder Software. Beginnen Sie mit der kostenlosen Durchf\u00fchrung von User Experience Research und erhalten Sie echte Einblicke in die Bed\u00fcrfnisse und Vorlieben der Nutzer.","og_url":"https:\/\/trymata.com\/de\/werden-sie-ein-ux-tester\/","og_site_name":"Trymata","twitter_card":"summary_large_image","twitter_site":"@trymyui","schema":{"@context":"https:\/\/schema.org","@graph":[{"@type":"WebPage","@id":"https:\/\/trymata.com\/de\/werden-sie-ein-ux-tester\/","url":"https:\/\/trymata.com\/de\/werden-sie-ein-ux-tester\/","name":"Werden Sie UX-Tester und lassen Sie sich daf\u00fcr bezahlen | Trymata","isPartOf":{"@id":"https:\/\/trymata.com\/de\/#website"},"datePublished":"2025-02-05T19:51:46+00:00","description":"Mit den User Experience (UX) Research Tools von Trymata k\u00f6nnen Sie qualitative und quantitative UX-Forschung f\u00fcr alle Ger\u00e4te und digitalen Produkte durchf\u00fchren, egal ob Website, App oder Software. Beginnen Sie mit der kostenlosen Durchf\u00fchrung von User Experience Research und erhalten Sie echte Einblicke in die Bed\u00fcrfnisse und Vorlieben der Nutzer.","breadcrumb":{"@id":"https:\/\/trymata.com\/de\/werden-sie-ein-ux-tester\/#breadcrumb"},"inLanguage":"de","potentialAction":[{"@type":"ReadAction","target":["https:\/\/trymata.com\/de\/werden-sie-ein-ux-tester\/"]}]},{"@type":"BreadcrumbList","@id":"https:\/\/trymata.com\/de\/werden-sie-ein-ux-tester\/#breadcrumb","itemListElement":[{"@type":"ListItem","position":1,"name":"Home","item":"https:\/\/trymata.com\/de\/"},{"@type":"ListItem","position":2,"name":"Werden Sie ein UX-Tester"}]},{"@type":"WebSite","@id":"https:\/\/trymata.com\/de\/#website","url":"https:\/\/trymata.com\/de\/","name":"Trymata","description":"","potentialAction":[{"@type":"SearchAction","target":{"@type":"EntryPoint","urlTemplate":"https:\/\/trymata.com\/de\/?s={search_term_string}"},"query-input":{"@type":"PropertyValueSpecification","valueRequired":true,"valueName":"search_term_string"}}],"inLanguage":"de"}]}},"_links":{"self":[{"href":"https:\/\/trymata.com\/de\/wp-json\/wp\/v2\/pages\/26422","targetHints":{"allow":["GET"]}}],"collection":[{"href":"https:\/\/trymata.com\/de\/wp-json\/wp\/v2\/pages"}],"about":[{"href":"https:\/\/trymata.com\/de\/wp-json\/wp\/v2\/types\/page"}],"author":[{"embeddable":true,"href":"https:\/\/trymata.com\/de\/wp-json\/wp\/v2\/users\/1"}],"replies":[{"embeddable":true,"href":"https:\/\/trymata.com\/de\/wp-json\/wp\/v2\/comments?post=26422"}],"version-history":[{"count":0,"href":"https:\/\/trymata.com\/de\/wp-json\/wp\/v2\/pages\/26422\/revisions"}],"wp:attachment":[{"href":"https:\/\/trymata.com\/de\/wp-json\/wp\/v2\/media?parent=26422"}],"curies":[{"name":"wp","href":"https:\/\/api.w.org\/{rel}","templated":true}]}}