
{"id":23836,"date":"2023-09-22T06:53:18","date_gmt":"2023-09-22T12:53:18","guid":{"rendered":"https:\/\/trymata.com\/inicio\/"},"modified":"2024-11-29T08:25:36","modified_gmt":"2024-11-29T15:25:36","slug":"inicio","status":"publish","type":"page","link":"https:\/\/trymata.com\/es\/","title":{"rendered":"Inicio"},"content":{"rendered":"","protected":false},"excerpt":{"rendered":"","protected":false},"author":1,"featured_media":0,"parent":0,"menu_order":0,"comment_status":"closed","ping_status":"closed","template":"templates\/home.php","meta":{"footnotes":""},"class_list":["post-23836","page","type-page","status-publish","hentry"],"yoast_head":"<!-- This site is optimized with the Yoast SEO plugin v26.9 - https:\/\/yoast.com\/product\/yoast-seo-wordpress\/ -->\n<title>Pruebas de usabilidad o recibe pagos por ser un tester de manera f\u00e1cil y sencilla.<\/title>\n<meta name=\"description\" content=\"Las pruebas de sitios web de Trymata permiten que cualquier persona realice f\u00e1cilmente pruebas de usabilidad de sitios web en cualquier dispositivo: computadora de escritorio, dispositivo m\u00f3vil o tableta. Obtenga informaci\u00f3n real sobre la experiencia del usuario y oriente su sitio web para satisfacer las necesidades y expectativas reales de los usuarios.\" \/>\n<meta name=\"robots\" content=\"index, follow, max-snippet:-1, max-image-preview:large, max-video-preview:-1\" \/>\n<link rel=\"canonical\" href=\"https:\/\/trymata.com\/es\/\" \/>\n<meta property=\"og:locale\" content=\"es_ES\" \/>\n<meta property=\"og:type\" content=\"article\" \/>\n<meta property=\"og:title\" content=\"Pruebas de usabilidad o recibe pagos por ser un tester de manera f\u00e1cil y sencilla.\" \/>\n<meta property=\"og:description\" content=\"Las pruebas de sitios web de Trymata permiten que cualquier persona realice f\u00e1cilmente pruebas de usabilidad de sitios web en cualquier dispositivo: computadora de escritorio, dispositivo m\u00f3vil o tableta. Obtenga informaci\u00f3n real sobre la experiencia del usuario y oriente su sitio web para satisfacer las necesidades y expectativas reales de los usuarios.\" \/>\n<meta property=\"og:url\" content=\"https:\/\/trymata.com\/es\/\" \/>\n<meta property=\"og:site_name\" content=\"Trymata\" \/>\n<meta property=\"article:modified_time\" content=\"2024-11-29T15:25:36+00:00\" \/>\n<meta name=\"twitter:card\" content=\"summary_large_image\" \/>\n<meta name=\"twitter:site\" content=\"@trymyui\" \/>\n<!-- \/ Yoast SEO plugin. -->","yoast_head_json":{"title":"Pruebas de usabilidad o recibe pagos por ser un tester de manera f\u00e1cil y sencilla.","description":"Las pruebas de sitios web de Trymata permiten que cualquier persona realice f\u00e1cilmente pruebas de usabilidad de sitios web en cualquier dispositivo: computadora de escritorio, dispositivo m\u00f3vil o tableta. Obtenga informaci\u00f3n real sobre la experiencia del usuario y oriente su sitio web para satisfacer las necesidades y expectativas reales de los usuarios.","robots":{"index":"index","follow":"follow","max-snippet":"max-snippet:-1","max-image-preview":"max-image-preview:large","max-video-preview":"max-video-preview:-1"},"canonical":"https:\/\/trymata.com\/es\/","og_locale":"es_ES","og_type":"article","og_title":"Pruebas de usabilidad o recibe pagos por ser un tester de manera f\u00e1cil y sencilla.","og_description":"Las pruebas de sitios web de Trymata permiten que cualquier persona realice f\u00e1cilmente pruebas de usabilidad de sitios web en cualquier dispositivo: computadora de escritorio, dispositivo m\u00f3vil o tableta. Obtenga informaci\u00f3n real sobre la experiencia del usuario y oriente su sitio web para satisfacer las necesidades y expectativas reales de los usuarios.","og_url":"https:\/\/trymata.com\/es\/","og_site_name":"Trymata","article_modified_time":"2024-11-29T15:25:36+00:00","twitter_card":"summary_large_image","twitter_site":"@trymyui","schema":{"@context":"https:\/\/schema.org","@graph":[{"@type":"WebPage","@id":"https:\/\/trymata.com\/es\/","url":"https:\/\/trymata.com\/es\/","name":"Pruebas de usabilidad o recibe pagos por ser un tester de manera f\u00e1cil y sencilla.","isPartOf":{"@id":"https:\/\/trymata.com\/es\/#website"},"datePublished":"2023-09-22T12:53:18+00:00","dateModified":"2024-11-29T15:25:36+00:00","description":"Las pruebas de sitios web de Trymata permiten que cualquier persona realice f\u00e1cilmente pruebas de usabilidad de sitios web en cualquier dispositivo: computadora de escritorio, dispositivo m\u00f3vil o tableta. Obtenga informaci\u00f3n real sobre la experiencia del usuario y oriente su sitio web para satisfacer las necesidades y expectativas reales de los usuarios.","breadcrumb":{"@id":"https:\/\/trymata.com\/es\/#breadcrumb"},"inLanguage":"es","potentialAction":[{"@type":"ReadAction","target":["https:\/\/trymata.com\/es\/"]}]},{"@type":"BreadcrumbList","@id":"https:\/\/trymata.com\/es\/#breadcrumb","itemListElement":[{"@type":"ListItem","position":1,"name":"Home","item":"https:\/\/trymata.com\/es\/"},{"@type":"ListItem","position":2,"name":"Inicio"}]},{"@type":"WebSite","@id":"https:\/\/trymata.com\/es\/#website","url":"https:\/\/trymata.com\/es\/","name":"Trymata","description":"","potentialAction":[{"@type":"SearchAction","target":{"@type":"EntryPoint","urlTemplate":"https:\/\/trymata.com\/es\/?s={search_term_string}"},"query-input":{"@type":"PropertyValueSpecification","valueRequired":true,"valueName":"search_term_string"}}],"inLanguage":"es"}]}},"_links":{"self":[{"href":"https:\/\/trymata.com\/es\/wp-json\/wp\/v2\/pages\/23836","targetHints":{"allow":["GET"]}}],"collection":[{"href":"https:\/\/trymata.com\/es\/wp-json\/wp\/v2\/pages"}],"about":[{"href":"https:\/\/trymata.com\/es\/wp-json\/wp\/v2\/types\/page"}],"author":[{"embeddable":true,"href":"https:\/\/trymata.com\/es\/wp-json\/wp\/v2\/users\/1"}],"replies":[{"embeddable":true,"href":"https:\/\/trymata.com\/es\/wp-json\/wp\/v2\/comments?post=23836"}],"version-history":[{"count":1,"href":"https:\/\/trymata.com\/es\/wp-json\/wp\/v2\/pages\/23836\/revisions"}],"predecessor-version":[{"id":23956,"href":"https:\/\/trymata.com\/es\/wp-json\/wp\/v2\/pages\/23836\/revisions\/23956"}],"wp:attachment":[{"href":"https:\/\/trymata.com\/es\/wp-json\/wp\/v2\/media?parent=23836"}],"curies":[{"name":"wp","href":"https:\/\/api.w.org\/{rel}","templated":true}]}}