
{"id":27560,"date":"2025-08-28T09:51:37","date_gmt":"2025-08-28T15:51:37","guid":{"rendered":"https:\/\/trymata.com\/prueba-gratuita-de-usabilidad-para-tu-producto-prueba-gratuita-de-trymata\/"},"modified":"2025-08-28T09:51:37","modified_gmt":"2025-08-28T15:51:37","slug":"prueba-gratuita-de-usabilidad-para-tu-producto-prueba-gratuita-de-trymata","status":"publish","type":"page","link":"https:\/\/trymata.com\/es\/prueba-gratuita-de-usabilidad-para-tu-producto-prueba-gratuita-de-trymata\/","title":{"rendered":"Prueba gratuita de usabilidad para tu producto | Prueba gratuita de Trymata"},"content":{"rendered":"","protected":false},"excerpt":{"rendered":"","protected":false},"author":56,"featured_media":0,"parent":0,"menu_order":0,"comment_status":"closed","ping_status":"closed","template":"templates\/free-trial.php","meta":{"footnotes":""},"class_list":["post-27560","page","type-page","status-publish","hentry"],"yoast_head":"<!-- This site is optimized with the Yoast SEO plugin v26.9 - https:\/\/yoast.com\/product\/yoast-seo-wordpress\/ -->\n<title>Prueba gratuita de usabilidad para tu producto | Prueba gratuita de Trymata - Trymata<\/title>\n<meta name=\"description\" content=\"Inicia tu prueba gratuita y comienza a realizar pruebas de usabilidad hoy mismo. Reg\u00edstrate ahora para obtener una prueba de usuario gratuita y 2 semanas de nuestras completas funciones de prueba y an\u00e1lisis. No necesitas tarjeta de cr\u00e9dito.\" \/>\n<meta name=\"robots\" content=\"index, follow, max-snippet:-1, max-image-preview:large, max-video-preview:-1\" \/>\n<link rel=\"canonical\" href=\"https:\/\/trymata.com\/es\/prueba-gratuita-de-usabilidad-para-tu-producto-prueba-gratuita-de-trymata\/\" \/>\n<meta property=\"og:locale\" content=\"es_ES\" \/>\n<meta property=\"og:type\" content=\"article\" \/>\n<meta property=\"og:title\" content=\"Prueba gratuita de usabilidad para tu producto | Prueba gratuita de Trymata - Trymata\" \/>\n<meta property=\"og:description\" content=\"Inicia tu prueba gratuita y comienza a realizar pruebas de usabilidad hoy mismo. Reg\u00edstrate ahora para obtener una prueba de usuario gratuita y 2 semanas de nuestras completas funciones de prueba y an\u00e1lisis. No necesitas tarjeta de cr\u00e9dito.\" \/>\n<meta property=\"og:url\" content=\"https:\/\/trymata.com\/es\/prueba-gratuita-de-usabilidad-para-tu-producto-prueba-gratuita-de-trymata\/\" \/>\n<meta property=\"og:site_name\" content=\"Trymata\" \/>\n<meta name=\"twitter:card\" content=\"summary_large_image\" \/>\n<meta name=\"twitter:site\" content=\"@trymyui\" \/>\n<!-- \/ Yoast SEO plugin. -->","yoast_head_json":{"title":"Prueba gratuita de usabilidad para tu producto | Prueba gratuita de Trymata - Trymata","description":"Inicia tu prueba gratuita y comienza a realizar pruebas de usabilidad hoy mismo. Reg\u00edstrate ahora para obtener una prueba de usuario gratuita y 2 semanas de nuestras completas funciones de prueba y an\u00e1lisis. No necesitas tarjeta de cr\u00e9dito.","robots":{"index":"index","follow":"follow","max-snippet":"max-snippet:-1","max-image-preview":"max-image-preview:large","max-video-preview":"max-video-preview:-1"},"canonical":"https:\/\/trymata.com\/es\/prueba-gratuita-de-usabilidad-para-tu-producto-prueba-gratuita-de-trymata\/","og_locale":"es_ES","og_type":"article","og_title":"Prueba gratuita de usabilidad para tu producto | Prueba gratuita de Trymata - Trymata","og_description":"Inicia tu prueba gratuita y comienza a realizar pruebas de usabilidad hoy mismo. Reg\u00edstrate ahora para obtener una prueba de usuario gratuita y 2 semanas de nuestras completas funciones de prueba y an\u00e1lisis. No necesitas tarjeta de cr\u00e9dito.","og_url":"https:\/\/trymata.com\/es\/prueba-gratuita-de-usabilidad-para-tu-producto-prueba-gratuita-de-trymata\/","og_site_name":"Trymata","twitter_card":"summary_large_image","twitter_site":"@trymyui","schema":{"@context":"https:\/\/schema.org","@graph":[{"@type":"WebPage","@id":"https:\/\/trymata.com\/es\/prueba-gratuita-de-usabilidad-para-tu-producto-prueba-gratuita-de-trymata\/","url":"https:\/\/trymata.com\/es\/prueba-gratuita-de-usabilidad-para-tu-producto-prueba-gratuita-de-trymata\/","name":"Prueba gratuita de usabilidad para tu producto | Prueba gratuita de Trymata - Trymata","isPartOf":{"@id":"https:\/\/trymata.com\/es\/#website"},"datePublished":"2025-08-28T15:51:37+00:00","description":"Inicia tu prueba gratuita y comienza a realizar pruebas de usabilidad hoy mismo. Reg\u00edstrate ahora para obtener una prueba de usuario gratuita y 2 semanas de nuestras completas funciones de prueba y an\u00e1lisis. No necesitas tarjeta de cr\u00e9dito.","breadcrumb":{"@id":"https:\/\/trymata.com\/es\/prueba-gratuita-de-usabilidad-para-tu-producto-prueba-gratuita-de-trymata\/#breadcrumb"},"inLanguage":"es","potentialAction":[{"@type":"ReadAction","target":["https:\/\/trymata.com\/es\/prueba-gratuita-de-usabilidad-para-tu-producto-prueba-gratuita-de-trymata\/"]}]},{"@type":"BreadcrumbList","@id":"https:\/\/trymata.com\/es\/prueba-gratuita-de-usabilidad-para-tu-producto-prueba-gratuita-de-trymata\/#breadcrumb","itemListElement":[{"@type":"ListItem","position":1,"name":"Home","item":"https:\/\/trymata.com\/es\/"},{"@type":"ListItem","position":2,"name":"Prueba gratuita de usabilidad para tu producto | Prueba gratuita de Trymata"}]},{"@type":"WebSite","@id":"https:\/\/trymata.com\/es\/#website","url":"https:\/\/trymata.com\/es\/","name":"Trymata","description":"","potentialAction":[{"@type":"SearchAction","target":{"@type":"EntryPoint","urlTemplate":"https:\/\/trymata.com\/es\/?s={search_term_string}"},"query-input":{"@type":"PropertyValueSpecification","valueRequired":true,"valueName":"search_term_string"}}],"inLanguage":"es"}]}},"_links":{"self":[{"href":"https:\/\/trymata.com\/es\/wp-json\/wp\/v2\/pages\/27560","targetHints":{"allow":["GET"]}}],"collection":[{"href":"https:\/\/trymata.com\/es\/wp-json\/wp\/v2\/pages"}],"about":[{"href":"https:\/\/trymata.com\/es\/wp-json\/wp\/v2\/types\/page"}],"author":[{"embeddable":true,"href":"https:\/\/trymata.com\/es\/wp-json\/wp\/v2\/users\/56"}],"replies":[{"embeddable":true,"href":"https:\/\/trymata.com\/es\/wp-json\/wp\/v2\/comments?post=27560"}],"version-history":[{"count":0,"href":"https:\/\/trymata.com\/es\/wp-json\/wp\/v2\/pages\/27560\/revisions"}],"wp:attachment":[{"href":"https:\/\/trymata.com\/es\/wp-json\/wp\/v2\/media?parent=27560"}],"curies":[{"name":"wp","href":"https:\/\/api.w.org\/{rel}","templated":true}]}}