
{"id":25549,"date":"2023-09-22T06:53:18","date_gmt":"2023-09-22T12:53:18","guid":{"rendered":"https:\/\/trymata.com\/page-daccueil\/"},"modified":"2025-06-26T21:17:31","modified_gmt":"2025-06-27T03:17:31","slug":"page-daccueil","status":"publish","type":"page","link":"https:\/\/trymata.com\/fr\/","title":{"rendered":"Page d&#8217;accueil"},"content":{"rendered":"","protected":false},"excerpt":{"rendered":"","protected":false},"author":1,"featured_media":0,"parent":0,"menu_order":0,"comment_status":"closed","ping_status":"closed","template":"templates\/home.php","meta":{"footnotes":""},"class_list":["post-25549","page","type-page","status-publish","hentry"],"yoast_head":"<!-- This site is optimized with the Yoast SEO plugin v26.9 - https:\/\/yoast.com\/product\/yoast-seo-wordpress\/ -->\n<title>Trymata (anciennement TryMyUI) - Tests de sites web et tests d&#039;utilisabilit\u00e9<\/title>\n<meta name=\"description\" content=\"Trymata vous permet de r\u00e9aliser facilement des tests d&#039;utilisabilit\u00e9 de votre site web sur n&#039;importe quel appareil - ordinateur de bureau, mobile ou tablette. Obtenez de v\u00e9ritables informations sur l&#039;exp\u00e9rience des utilisateurs et orientez votre site web de mani\u00e8re \u00e0 r\u00e9pondre aux besoins et aux attentes r\u00e9els des utilisateurs.\" \/>\n<meta name=\"robots\" content=\"index, follow, max-snippet:-1, max-image-preview:large, max-video-preview:-1\" \/>\n<link rel=\"canonical\" href=\"https:\/\/trymata.com\/fr\/\" \/>\n<meta property=\"og:locale\" content=\"fr_FR\" \/>\n<meta property=\"og:type\" content=\"article\" \/>\n<meta property=\"og:title\" content=\"Trymata (anciennement TryMyUI) - Tests de sites web et tests d&#039;utilisabilit\u00e9\" \/>\n<meta property=\"og:description\" content=\"Trymata vous permet de r\u00e9aliser facilement des tests d&#039;utilisabilit\u00e9 de votre site web sur n&#039;importe quel appareil - ordinateur de bureau, mobile ou tablette. Obtenez de v\u00e9ritables informations sur l&#039;exp\u00e9rience des utilisateurs et orientez votre site web de mani\u00e8re \u00e0 r\u00e9pondre aux besoins et aux attentes r\u00e9els des utilisateurs.\" \/>\n<meta property=\"og:url\" content=\"https:\/\/trymata.com\/fr\/\" \/>\n<meta property=\"og:site_name\" content=\"Trymata\" \/>\n<meta property=\"article:modified_time\" content=\"2025-06-27T03:17:31+00:00\" \/>\n<meta name=\"twitter:card\" content=\"summary_large_image\" \/>\n<meta name=\"twitter:site\" content=\"@trymyui\" \/>\n<!-- \/ Yoast SEO plugin. -->","yoast_head_json":{"title":"Trymata (anciennement TryMyUI) - Tests de sites web et tests d'utilisabilit\u00e9","description":"Trymata vous permet de r\u00e9aliser facilement des tests d'utilisabilit\u00e9 de votre site web sur n'importe quel appareil - ordinateur de bureau, mobile ou tablette. Obtenez de v\u00e9ritables informations sur l'exp\u00e9rience des utilisateurs et orientez votre site web de mani\u00e8re \u00e0 r\u00e9pondre aux besoins et aux attentes r\u00e9els des utilisateurs.","robots":{"index":"index","follow":"follow","max-snippet":"max-snippet:-1","max-image-preview":"max-image-preview:large","max-video-preview":"max-video-preview:-1"},"canonical":"https:\/\/trymata.com\/fr\/","og_locale":"fr_FR","og_type":"article","og_title":"Trymata (anciennement TryMyUI) - Tests de sites web et tests d'utilisabilit\u00e9","og_description":"Trymata vous permet de r\u00e9aliser facilement des tests d'utilisabilit\u00e9 de votre site web sur n'importe quel appareil - ordinateur de bureau, mobile ou tablette. Obtenez de v\u00e9ritables informations sur l'exp\u00e9rience des utilisateurs et orientez votre site web de mani\u00e8re \u00e0 r\u00e9pondre aux besoins et aux attentes r\u00e9els des utilisateurs.","og_url":"https:\/\/trymata.com\/fr\/","og_site_name":"Trymata","article_modified_time":"2025-06-27T03:17:31+00:00","twitter_card":"summary_large_image","twitter_site":"@trymyui","schema":{"@context":"https:\/\/schema.org","@graph":[{"@type":"WebPage","@id":"https:\/\/trymata.com\/fr\/","url":"https:\/\/trymata.com\/fr\/","name":"Trymata (anciennement TryMyUI) - Tests de sites web et tests d'utilisabilit\u00e9","isPartOf":{"@id":"https:\/\/trymata.com\/fr\/#website"},"datePublished":"2023-09-22T12:53:18+00:00","dateModified":"2025-06-27T03:17:31+00:00","description":"Trymata vous permet de r\u00e9aliser facilement des tests d'utilisabilit\u00e9 de votre site web sur n'importe quel appareil - ordinateur de bureau, mobile ou tablette. Obtenez de v\u00e9ritables informations sur l'exp\u00e9rience des utilisateurs et orientez votre site web de mani\u00e8re \u00e0 r\u00e9pondre aux besoins et aux attentes r\u00e9els des utilisateurs.","breadcrumb":{"@id":"https:\/\/trymata.com\/fr\/#breadcrumb"},"inLanguage":"fr-FR","potentialAction":[{"@type":"ReadAction","target":["https:\/\/trymata.com\/fr\/"]}]},{"@type":"BreadcrumbList","@id":"https:\/\/trymata.com\/fr\/#breadcrumb","itemListElement":[{"@type":"ListItem","position":1,"name":"Home","item":"https:\/\/trymata.com\/fr\/"},{"@type":"ListItem","position":2,"name":"Page d&#8217;accueil"}]},{"@type":"WebSite","@id":"https:\/\/trymata.com\/fr\/#website","url":"https:\/\/trymata.com\/fr\/","name":"Trymata","description":"","potentialAction":[{"@type":"SearchAction","target":{"@type":"EntryPoint","urlTemplate":"https:\/\/trymata.com\/fr\/?s={search_term_string}"},"query-input":{"@type":"PropertyValueSpecification","valueRequired":true,"valueName":"search_term_string"}}],"inLanguage":"fr-FR"}]}},"_links":{"self":[{"href":"https:\/\/trymata.com\/fr\/wp-json\/wp\/v2\/pages\/25549","targetHints":{"allow":["GET"]}}],"collection":[{"href":"https:\/\/trymata.com\/fr\/wp-json\/wp\/v2\/pages"}],"about":[{"href":"https:\/\/trymata.com\/fr\/wp-json\/wp\/v2\/types\/page"}],"author":[{"embeddable":true,"href":"https:\/\/trymata.com\/fr\/wp-json\/wp\/v2\/users\/1"}],"replies":[{"embeddable":true,"href":"https:\/\/trymata.com\/fr\/wp-json\/wp\/v2\/comments?post=25549"}],"version-history":[{"count":1,"href":"https:\/\/trymata.com\/fr\/wp-json\/wp\/v2\/pages\/25549\/revisions"}],"predecessor-version":[{"id":27267,"href":"https:\/\/trymata.com\/fr\/wp-json\/wp\/v2\/pages\/25549\/revisions\/27267"}],"wp:attachment":[{"href":"https:\/\/trymata.com\/fr\/wp-json\/wp\/v2\/media?parent=25549"}],"curies":[{"name":"wp","href":"https:\/\/api.w.org\/{rel}","templated":true}]}}