
{"id":27230,"date":"2023-09-22T06:56:52","date_gmt":"2023-09-22T12:56:52","guid":{"rendered":"https:\/\/trymata.com\/outils-de-test-de-lexperience-utilisateur-ux\/"},"modified":"2023-09-22T06:56:52","modified_gmt":"2023-09-22T12:56:52","slug":"outils-de-test-de-lexperience-utilisateur-ux","status":"publish","type":"page","link":"https:\/\/trymata.com\/fr\/outils-de-test-de-lexperience-utilisateur-ux\/","title":{"rendered":"Outils de test de l&#8217;exp\u00e9rience utilisateur (UX)"},"content":{"rendered":"","protected":false},"excerpt":{"rendered":"","protected":false},"author":1,"featured_media":0,"parent":0,"menu_order":0,"comment_status":"closed","ping_status":"closed","template":"templates\/why-trymata-ux-design.php","meta":{"footnotes":""},"class_list":["post-27230","page","type-page","status-publish","hentry"],"yoast_head":"<!-- This site is optimized with the Yoast SEO plugin v26.9 - https:\/\/yoast.com\/product\/yoast-seo-wordpress\/ -->\n<title>Outils de test de l&#039;exp\u00e9rience utilisateur (UX)<\/title>\n<meta name=\"description\" content=\"Les outils de test d&#039;exp\u00e9rience utilisateur (UX) de Trymata vous permettent de mener des tests UX mod\u00e9r\u00e9s et non mod\u00e9r\u00e9s \u00e0 n&#039;importe quelle \u00e9chelle. Inscrivez-vous gratuitement d\u00e8s aujourd&#039;hui et commencez \u00e0 collecter des informations sur les sites web, les applications, les logiciels ou tout autre produit num\u00e9rique sur tous les appareils.\" \/>\n<meta name=\"robots\" content=\"index, follow, max-snippet:-1, max-image-preview:large, max-video-preview:-1\" \/>\n<link rel=\"canonical\" href=\"https:\/\/trymata.com\/fr\/outils-de-test-de-lexperience-utilisateur-ux\/\" \/>\n<meta property=\"og:locale\" content=\"fr_FR\" \/>\n<meta property=\"og:type\" content=\"article\" \/>\n<meta property=\"og:title\" content=\"Outils de test de l&#039;exp\u00e9rience utilisateur (UX)\" \/>\n<meta property=\"og:description\" content=\"Les outils de test d&#039;exp\u00e9rience utilisateur (UX) de Trymata vous permettent de mener des tests UX mod\u00e9r\u00e9s et non mod\u00e9r\u00e9s \u00e0 n&#039;importe quelle \u00e9chelle. Inscrivez-vous gratuitement d\u00e8s aujourd&#039;hui et commencez \u00e0 collecter des informations sur les sites web, les applications, les logiciels ou tout autre produit num\u00e9rique sur tous les appareils.\" \/>\n<meta property=\"og:url\" content=\"https:\/\/trymata.com\/fr\/outils-de-test-de-lexperience-utilisateur-ux\/\" \/>\n<meta property=\"og:site_name\" content=\"Trymata\" \/>\n<meta name=\"twitter:card\" content=\"summary_large_image\" \/>\n<meta name=\"twitter:site\" content=\"@trymyui\" \/>\n<!-- \/ Yoast SEO plugin. -->","yoast_head_json":{"title":"Outils de test de l'exp\u00e9rience utilisateur (UX)","description":"Les outils de test d'exp\u00e9rience utilisateur (UX) de Trymata vous permettent de mener des tests UX mod\u00e9r\u00e9s et non mod\u00e9r\u00e9s \u00e0 n'importe quelle \u00e9chelle. Inscrivez-vous gratuitement d\u00e8s aujourd'hui et commencez \u00e0 collecter des informations sur les sites web, les applications, les logiciels ou tout autre produit num\u00e9rique sur tous les appareils.","robots":{"index":"index","follow":"follow","max-snippet":"max-snippet:-1","max-image-preview":"max-image-preview:large","max-video-preview":"max-video-preview:-1"},"canonical":"https:\/\/trymata.com\/fr\/outils-de-test-de-lexperience-utilisateur-ux\/","og_locale":"fr_FR","og_type":"article","og_title":"Outils de test de l'exp\u00e9rience utilisateur (UX)","og_description":"Les outils de test d'exp\u00e9rience utilisateur (UX) de Trymata vous permettent de mener des tests UX mod\u00e9r\u00e9s et non mod\u00e9r\u00e9s \u00e0 n'importe quelle \u00e9chelle. Inscrivez-vous gratuitement d\u00e8s aujourd'hui et commencez \u00e0 collecter des informations sur les sites web, les applications, les logiciels ou tout autre produit num\u00e9rique sur tous les appareils.","og_url":"https:\/\/trymata.com\/fr\/outils-de-test-de-lexperience-utilisateur-ux\/","og_site_name":"Trymata","twitter_card":"summary_large_image","twitter_site":"@trymyui","schema":{"@context":"https:\/\/schema.org","@graph":[{"@type":"WebPage","@id":"https:\/\/trymata.com\/fr\/outils-de-test-de-lexperience-utilisateur-ux\/","url":"https:\/\/trymata.com\/fr\/outils-de-test-de-lexperience-utilisateur-ux\/","name":"Outils de test de l'exp\u00e9rience utilisateur (UX)","isPartOf":{"@id":"https:\/\/trymata.com\/fr\/#website"},"datePublished":"2023-09-22T12:56:52+00:00","description":"Les outils de test d'exp\u00e9rience utilisateur (UX) de Trymata vous permettent de mener des tests UX mod\u00e9r\u00e9s et non mod\u00e9r\u00e9s \u00e0 n'importe quelle \u00e9chelle. Inscrivez-vous gratuitement d\u00e8s aujourd'hui et commencez \u00e0 collecter des informations sur les sites web, les applications, les logiciels ou tout autre produit num\u00e9rique sur tous les appareils.","breadcrumb":{"@id":"https:\/\/trymata.com\/fr\/outils-de-test-de-lexperience-utilisateur-ux\/#breadcrumb"},"inLanguage":"fr-FR","potentialAction":[{"@type":"ReadAction","target":["https:\/\/trymata.com\/fr\/outils-de-test-de-lexperience-utilisateur-ux\/"]}]},{"@type":"BreadcrumbList","@id":"https:\/\/trymata.com\/fr\/outils-de-test-de-lexperience-utilisateur-ux\/#breadcrumb","itemListElement":[{"@type":"ListItem","position":1,"name":"Home","item":"https:\/\/trymata.com\/fr\/"},{"@type":"ListItem","position":2,"name":"Outils de test de l&#8217;exp\u00e9rience utilisateur (UX)"}]},{"@type":"WebSite","@id":"https:\/\/trymata.com\/fr\/#website","url":"https:\/\/trymata.com\/fr\/","name":"Trymata","description":"","potentialAction":[{"@type":"SearchAction","target":{"@type":"EntryPoint","urlTemplate":"https:\/\/trymata.com\/fr\/?s={search_term_string}"},"query-input":{"@type":"PropertyValueSpecification","valueRequired":true,"valueName":"search_term_string"}}],"inLanguage":"fr-FR"}]}},"_links":{"self":[{"href":"https:\/\/trymata.com\/fr\/wp-json\/wp\/v2\/pages\/27230","targetHints":{"allow":["GET"]}}],"collection":[{"href":"https:\/\/trymata.com\/fr\/wp-json\/wp\/v2\/pages"}],"about":[{"href":"https:\/\/trymata.com\/fr\/wp-json\/wp\/v2\/types\/page"}],"author":[{"embeddable":true,"href":"https:\/\/trymata.com\/fr\/wp-json\/wp\/v2\/users\/1"}],"replies":[{"embeddable":true,"href":"https:\/\/trymata.com\/fr\/wp-json\/wp\/v2\/comments?post=27230"}],"version-history":[{"count":0,"href":"https:\/\/trymata.com\/fr\/wp-json\/wp\/v2\/pages\/27230\/revisions"}],"wp:attachment":[{"href":"https:\/\/trymata.com\/fr\/wp-json\/wp\/v2\/media?parent=27230"}],"curies":[{"name":"wp","href":"https:\/\/api.w.org\/{rel}","templated":true}]}}