
{"id":27268,"date":"2023-09-25T06:54:09","date_gmt":"2023-09-25T12:54:09","guid":{"rendered":"https:\/\/trymata.com\/analyse-des-produits\/"},"modified":"2023-09-25T06:54:09","modified_gmt":"2023-09-25T12:54:09","slug":"analyse-des-produits","status":"publish","type":"page","link":"https:\/\/trymata.com\/fr\/analyse-des-produits\/","title":{"rendered":"Analyse des produits"},"content":{"rendered":"","protected":false},"excerpt":{"rendered":"","protected":false},"author":1,"featured_media":0,"parent":0,"menu_order":0,"comment_status":"closed","ping_status":"closed","template":"templates\/platform-product-analytics.php","meta":{"footnotes":""},"class_list":["post-27268","page","type-page","status-publish","hentry"],"yoast_head":"<!-- This site is optimized with the Yoast SEO plugin v26.9 - https:\/\/yoast.com\/product\/yoast-seo-wordpress\/ -->\n<title>Outil d&#039;analyse des produits pour am\u00e9liorer votre connaissance de l&#039;activit\u00e9 - Trymata<\/title>\n<meta name=\"description\" content=\"Optimisez l&#039;exp\u00e9rience utilisateur avec l&#039;outil d&#039;analyse de produits Trymata. Suivez les comportements, identifiez les points de friction et augmentez les conversions gr\u00e2ce aux enregistrements de sessions et aux mesures de frustration.\" \/>\n<meta name=\"robots\" content=\"index, follow, max-snippet:-1, max-image-preview:large, max-video-preview:-1\" \/>\n<link rel=\"canonical\" href=\"https:\/\/trymata.com\/fr\/analyse-des-produits\/\" \/>\n<meta property=\"og:locale\" content=\"fr_FR\" \/>\n<meta property=\"og:type\" content=\"article\" \/>\n<meta property=\"og:title\" content=\"Outil d&#039;analyse des produits pour am\u00e9liorer votre connaissance de l&#039;activit\u00e9 - Trymata\" \/>\n<meta property=\"og:description\" content=\"Optimisez l&#039;exp\u00e9rience utilisateur avec l&#039;outil d&#039;analyse de produits Trymata. Suivez les comportements, identifiez les points de friction et augmentez les conversions gr\u00e2ce aux enregistrements de sessions et aux mesures de frustration.\" \/>\n<meta property=\"og:url\" content=\"https:\/\/trymata.com\/fr\/analyse-des-produits\/\" \/>\n<meta property=\"og:site_name\" content=\"Trymata\" \/>\n<meta name=\"twitter:card\" content=\"summary_large_image\" \/>\n<meta name=\"twitter:site\" content=\"@trymyui\" \/>\n<!-- \/ Yoast SEO plugin. -->","yoast_head_json":{"title":"Outil d'analyse des produits pour am\u00e9liorer votre connaissance de l'activit\u00e9 - Trymata","description":"Optimisez l'exp\u00e9rience utilisateur avec l'outil d'analyse de produits Trymata. Suivez les comportements, identifiez les points de friction et augmentez les conversions gr\u00e2ce aux enregistrements de sessions et aux mesures de frustration.","robots":{"index":"index","follow":"follow","max-snippet":"max-snippet:-1","max-image-preview":"max-image-preview:large","max-video-preview":"max-video-preview:-1"},"canonical":"https:\/\/trymata.com\/fr\/analyse-des-produits\/","og_locale":"fr_FR","og_type":"article","og_title":"Outil d'analyse des produits pour am\u00e9liorer votre connaissance de l'activit\u00e9 - Trymata","og_description":"Optimisez l'exp\u00e9rience utilisateur avec l'outil d'analyse de produits Trymata. Suivez les comportements, identifiez les points de friction et augmentez les conversions gr\u00e2ce aux enregistrements de sessions et aux mesures de frustration.","og_url":"https:\/\/trymata.com\/fr\/analyse-des-produits\/","og_site_name":"Trymata","twitter_card":"summary_large_image","twitter_site":"@trymyui","schema":{"@context":"https:\/\/schema.org","@graph":[{"@type":"WebPage","@id":"https:\/\/trymata.com\/fr\/analyse-des-produits\/","url":"https:\/\/trymata.com\/fr\/analyse-des-produits\/","name":"Outil d'analyse des produits pour am\u00e9liorer votre connaissance de l'activit\u00e9 - Trymata","isPartOf":{"@id":"https:\/\/trymata.com\/fr\/#website"},"datePublished":"2023-09-25T12:54:09+00:00","description":"Optimisez l'exp\u00e9rience utilisateur avec l'outil d'analyse de produits Trymata. Suivez les comportements, identifiez les points de friction et augmentez les conversions gr\u00e2ce aux enregistrements de sessions et aux mesures de frustration.","breadcrumb":{"@id":"https:\/\/trymata.com\/fr\/analyse-des-produits\/#breadcrumb"},"inLanguage":"fr-FR","potentialAction":[{"@type":"ReadAction","target":["https:\/\/trymata.com\/fr\/analyse-des-produits\/"]}]},{"@type":"BreadcrumbList","@id":"https:\/\/trymata.com\/fr\/analyse-des-produits\/#breadcrumb","itemListElement":[{"@type":"ListItem","position":1,"name":"Home","item":"https:\/\/trymata.com\/fr\/"},{"@type":"ListItem","position":2,"name":"Analyse des produits"}]},{"@type":"WebSite","@id":"https:\/\/trymata.com\/fr\/#website","url":"https:\/\/trymata.com\/fr\/","name":"Trymata","description":"","potentialAction":[{"@type":"SearchAction","target":{"@type":"EntryPoint","urlTemplate":"https:\/\/trymata.com\/fr\/?s={search_term_string}"},"query-input":{"@type":"PropertyValueSpecification","valueRequired":true,"valueName":"search_term_string"}}],"inLanguage":"fr-FR"}]}},"_links":{"self":[{"href":"https:\/\/trymata.com\/fr\/wp-json\/wp\/v2\/pages\/27268","targetHints":{"allow":["GET"]}}],"collection":[{"href":"https:\/\/trymata.com\/fr\/wp-json\/wp\/v2\/pages"}],"about":[{"href":"https:\/\/trymata.com\/fr\/wp-json\/wp\/v2\/types\/page"}],"author":[{"embeddable":true,"href":"https:\/\/trymata.com\/fr\/wp-json\/wp\/v2\/users\/1"}],"replies":[{"embeddable":true,"href":"https:\/\/trymata.com\/fr\/wp-json\/wp\/v2\/comments?post=27268"}],"version-history":[{"count":0,"href":"https:\/\/trymata.com\/fr\/wp-json\/wp\/v2\/pages\/27268\/revisions"}],"wp:attachment":[{"href":"https:\/\/trymata.com\/fr\/wp-json\/wp\/v2\/media?parent=27268"}],"curies":[{"name":"wp","href":"https:\/\/api.w.org\/{rel}","templated":true}]}}