
{"id":27272,"date":"2023-09-25T06:53:02","date_gmt":"2023-09-25T12:53:02","guid":{"rendered":"https:\/\/trymata.com\/outil-de-test-dutilisabilite\/"},"modified":"2023-09-25T06:53:02","modified_gmt":"2023-09-25T12:53:02","slug":"outil-de-test-dutilisabilite","status":"publish","type":"page","link":"https:\/\/trymata.com\/fr\/outil-de-test-dutilisabilite\/","title":{"rendered":"Outil de test d&#8217;utilisabilit\u00e9"},"content":{"rendered":"","protected":false},"excerpt":{"rendered":"","protected":false},"author":1,"featured_media":0,"parent":0,"menu_order":0,"comment_status":"closed","ping_status":"closed","template":"templates\/platform-usability-testing.php","meta":{"footnotes":""},"class_list":["post-27272","page","type-page","status-publish","hentry"],"yoast_head":"<!-- This site is optimized with the Yoast SEO plugin v26.9 - https:\/\/yoast.com\/product\/yoast-seo-wordpress\/ -->\n<title>Outil de test d&#039;utilisabilit\u00e9 - Trymata<\/title>\n<meta name=\"description\" content=\"L&#039;outil de test d&#039;utilisabilit\u00e9 de Trymata vous permet de mener des tests d&#039;utilisabilit\u00e9 mod\u00e9r\u00e9s et non mod\u00e9r\u00e9s sur tous les appareils et tous les produits num\u00e9riques - qu&#039;il s&#039;agisse d&#039;un site web, d&#039;une application ou d&#039;un logiciel. Cr\u00e9ez un compte gratuit et commencez \u00e0 recueillir des informations r\u00e9elles sur les utilisateurs et \u00e9liminez les suppositions.\" \/>\n<meta name=\"robots\" content=\"index, follow, max-snippet:-1, max-image-preview:large, max-video-preview:-1\" \/>\n<link rel=\"canonical\" href=\"https:\/\/trymata.com\/fr\/outil-de-test-dutilisabilite\/\" \/>\n<meta property=\"og:locale\" content=\"fr_FR\" \/>\n<meta property=\"og:type\" content=\"article\" \/>\n<meta property=\"og:title\" content=\"Outil de test d&#039;utilisabilit\u00e9 - Trymata\" \/>\n<meta property=\"og:description\" content=\"L&#039;outil de test d&#039;utilisabilit\u00e9 de Trymata vous permet de mener des tests d&#039;utilisabilit\u00e9 mod\u00e9r\u00e9s et non mod\u00e9r\u00e9s sur tous les appareils et tous les produits num\u00e9riques - qu&#039;il s&#039;agisse d&#039;un site web, d&#039;une application ou d&#039;un logiciel. Cr\u00e9ez un compte gratuit et commencez \u00e0 recueillir des informations r\u00e9elles sur les utilisateurs et \u00e9liminez les suppositions.\" \/>\n<meta property=\"og:url\" content=\"https:\/\/trymata.com\/fr\/outil-de-test-dutilisabilite\/\" \/>\n<meta property=\"og:site_name\" content=\"Trymata\" \/>\n<meta name=\"twitter:card\" content=\"summary_large_image\" \/>\n<meta name=\"twitter:site\" content=\"@trymyui\" \/>\n<!-- \/ Yoast SEO plugin. -->","yoast_head_json":{"title":"Outil de test d'utilisabilit\u00e9 - Trymata","description":"L'outil de test d'utilisabilit\u00e9 de Trymata vous permet de mener des tests d'utilisabilit\u00e9 mod\u00e9r\u00e9s et non mod\u00e9r\u00e9s sur tous les appareils et tous les produits num\u00e9riques - qu'il s'agisse d'un site web, d'une application ou d'un logiciel. Cr\u00e9ez un compte gratuit et commencez \u00e0 recueillir des informations r\u00e9elles sur les utilisateurs et \u00e9liminez les suppositions.","robots":{"index":"index","follow":"follow","max-snippet":"max-snippet:-1","max-image-preview":"max-image-preview:large","max-video-preview":"max-video-preview:-1"},"canonical":"https:\/\/trymata.com\/fr\/outil-de-test-dutilisabilite\/","og_locale":"fr_FR","og_type":"article","og_title":"Outil de test d'utilisabilit\u00e9 - Trymata","og_description":"L'outil de test d'utilisabilit\u00e9 de Trymata vous permet de mener des tests d'utilisabilit\u00e9 mod\u00e9r\u00e9s et non mod\u00e9r\u00e9s sur tous les appareils et tous les produits num\u00e9riques - qu'il s'agisse d'un site web, d'une application ou d'un logiciel. Cr\u00e9ez un compte gratuit et commencez \u00e0 recueillir des informations r\u00e9elles sur les utilisateurs et \u00e9liminez les suppositions.","og_url":"https:\/\/trymata.com\/fr\/outil-de-test-dutilisabilite\/","og_site_name":"Trymata","twitter_card":"summary_large_image","twitter_site":"@trymyui","schema":{"@context":"https:\/\/schema.org","@graph":[{"@type":"WebPage","@id":"https:\/\/trymata.com\/fr\/outil-de-test-dutilisabilite\/","url":"https:\/\/trymata.com\/fr\/outil-de-test-dutilisabilite\/","name":"Outil de test d'utilisabilit\u00e9 - Trymata","isPartOf":{"@id":"https:\/\/trymata.com\/fr\/#website"},"datePublished":"2023-09-25T12:53:02+00:00","description":"L'outil de test d'utilisabilit\u00e9 de Trymata vous permet de mener des tests d'utilisabilit\u00e9 mod\u00e9r\u00e9s et non mod\u00e9r\u00e9s sur tous les appareils et tous les produits num\u00e9riques - qu'il s'agisse d'un site web, d'une application ou d'un logiciel. Cr\u00e9ez un compte gratuit et commencez \u00e0 recueillir des informations r\u00e9elles sur les utilisateurs et \u00e9liminez les suppositions.","breadcrumb":{"@id":"https:\/\/trymata.com\/fr\/outil-de-test-dutilisabilite\/#breadcrumb"},"inLanguage":"fr-FR","potentialAction":[{"@type":"ReadAction","target":["https:\/\/trymata.com\/fr\/outil-de-test-dutilisabilite\/"]}]},{"@type":"BreadcrumbList","@id":"https:\/\/trymata.com\/fr\/outil-de-test-dutilisabilite\/#breadcrumb","itemListElement":[{"@type":"ListItem","position":1,"name":"Home","item":"https:\/\/trymata.com\/fr\/"},{"@type":"ListItem","position":2,"name":"Outil de test d&#8217;utilisabilit\u00e9"}]},{"@type":"WebSite","@id":"https:\/\/trymata.com\/fr\/#website","url":"https:\/\/trymata.com\/fr\/","name":"Trymata","description":"","potentialAction":[{"@type":"SearchAction","target":{"@type":"EntryPoint","urlTemplate":"https:\/\/trymata.com\/fr\/?s={search_term_string}"},"query-input":{"@type":"PropertyValueSpecification","valueRequired":true,"valueName":"search_term_string"}}],"inLanguage":"fr-FR"}]}},"_links":{"self":[{"href":"https:\/\/trymata.com\/fr\/wp-json\/wp\/v2\/pages\/27272","targetHints":{"allow":["GET"]}}],"collection":[{"href":"https:\/\/trymata.com\/fr\/wp-json\/wp\/v2\/pages"}],"about":[{"href":"https:\/\/trymata.com\/fr\/wp-json\/wp\/v2\/types\/page"}],"author":[{"embeddable":true,"href":"https:\/\/trymata.com\/fr\/wp-json\/wp\/v2\/users\/1"}],"replies":[{"embeddable":true,"href":"https:\/\/trymata.com\/fr\/wp-json\/wp\/v2\/comments?post=27272"}],"version-history":[{"count":0,"href":"https:\/\/trymata.com\/fr\/wp-json\/wp\/v2\/pages\/27272\/revisions"}],"wp:attachment":[{"href":"https:\/\/trymata.com\/fr\/wp-json\/wp\/v2\/media?parent=27272"}],"curies":[{"name":"wp","href":"https:\/\/api.w.org\/{rel}","templated":true}]}}