
{"id":27275,"date":"2023-09-22T06:57:38","date_gmt":"2023-09-22T12:57:38","guid":{"rendered":"https:\/\/trymata.com\/outils-de-test-de-linterface-utilisateur-ui\/"},"modified":"2023-09-22T06:57:38","modified_gmt":"2023-09-22T12:57:38","slug":"outils-de-test-de-linterface-utilisateur-ui","status":"publish","type":"page","link":"https:\/\/trymata.com\/fr\/outils-de-test-de-linterface-utilisateur-ui\/","title":{"rendered":"Outils de test de l&#8217;interface utilisateur (UI)"},"content":{"rendered":"","protected":false},"excerpt":{"rendered":"","protected":false},"author":1,"featured_media":0,"parent":0,"menu_order":0,"comment_status":"closed","ping_status":"closed","template":"templates\/why-trymata-product.php","meta":{"footnotes":""},"class_list":["post-27275","page","type-page","status-publish","hentry"],"yoast_head":"<!-- This site is optimized with the Yoast SEO plugin v26.9 - https:\/\/yoast.com\/product\/yoast-seo-wordpress\/ -->\n<title>Outils de test de l&#039;interface utilisateur (UI) - Trymata<\/title>\n<meta name=\"description\" content=\"Les outils de test d&#039;interface utilisateur (UI) de Trymata sont un moyen s\u00fbr d&#039;\u00e9liminer les conjectures sur l&#039;interface utilisateur et de d\u00e9couvrir ce que vos utilisateurs veulent et pr\u00e9f\u00e8rent r\u00e9ellement. Testez l&#039;interface utilisateur de votre site web, application, logiciel ou tout autre produit num\u00e9rique. Commencez gratuitement !\" \/>\n<meta name=\"robots\" content=\"index, follow, max-snippet:-1, max-image-preview:large, max-video-preview:-1\" \/>\n<link rel=\"canonical\" href=\"https:\/\/trymata.com\/fr\/outils-de-test-de-linterface-utilisateur-ui\/\" \/>\n<meta property=\"og:locale\" content=\"fr_FR\" \/>\n<meta property=\"og:type\" content=\"article\" \/>\n<meta property=\"og:title\" content=\"Outils de test de l&#039;interface utilisateur (UI) - Trymata\" \/>\n<meta property=\"og:description\" content=\"Les outils de test d&#039;interface utilisateur (UI) de Trymata sont un moyen s\u00fbr d&#039;\u00e9liminer les conjectures sur l&#039;interface utilisateur et de d\u00e9couvrir ce que vos utilisateurs veulent et pr\u00e9f\u00e8rent r\u00e9ellement. Testez l&#039;interface utilisateur de votre site web, application, logiciel ou tout autre produit num\u00e9rique. Commencez gratuitement !\" \/>\n<meta property=\"og:url\" content=\"https:\/\/trymata.com\/fr\/outils-de-test-de-linterface-utilisateur-ui\/\" \/>\n<meta property=\"og:site_name\" content=\"Trymata\" \/>\n<meta name=\"twitter:card\" content=\"summary_large_image\" \/>\n<meta name=\"twitter:site\" content=\"@trymyui\" \/>\n<!-- \/ Yoast SEO plugin. -->","yoast_head_json":{"title":"Outils de test de l'interface utilisateur (UI) - Trymata","description":"Les outils de test d'interface utilisateur (UI) de Trymata sont un moyen s\u00fbr d'\u00e9liminer les conjectures sur l'interface utilisateur et de d\u00e9couvrir ce que vos utilisateurs veulent et pr\u00e9f\u00e8rent r\u00e9ellement. Testez l'interface utilisateur de votre site web, application, logiciel ou tout autre produit num\u00e9rique. Commencez gratuitement !","robots":{"index":"index","follow":"follow","max-snippet":"max-snippet:-1","max-image-preview":"max-image-preview:large","max-video-preview":"max-video-preview:-1"},"canonical":"https:\/\/trymata.com\/fr\/outils-de-test-de-linterface-utilisateur-ui\/","og_locale":"fr_FR","og_type":"article","og_title":"Outils de test de l'interface utilisateur (UI) - Trymata","og_description":"Les outils de test d'interface utilisateur (UI) de Trymata sont un moyen s\u00fbr d'\u00e9liminer les conjectures sur l'interface utilisateur et de d\u00e9couvrir ce que vos utilisateurs veulent et pr\u00e9f\u00e8rent r\u00e9ellement. Testez l'interface utilisateur de votre site web, application, logiciel ou tout autre produit num\u00e9rique. Commencez gratuitement !","og_url":"https:\/\/trymata.com\/fr\/outils-de-test-de-linterface-utilisateur-ui\/","og_site_name":"Trymata","twitter_card":"summary_large_image","twitter_site":"@trymyui","schema":{"@context":"https:\/\/schema.org","@graph":[{"@type":"WebPage","@id":"https:\/\/trymata.com\/fr\/outils-de-test-de-linterface-utilisateur-ui\/","url":"https:\/\/trymata.com\/fr\/outils-de-test-de-linterface-utilisateur-ui\/","name":"Outils de test de l'interface utilisateur (UI) - Trymata","isPartOf":{"@id":"https:\/\/trymata.com\/fr\/#website"},"datePublished":"2023-09-22T12:57:38+00:00","description":"Les outils de test d'interface utilisateur (UI) de Trymata sont un moyen s\u00fbr d'\u00e9liminer les conjectures sur l'interface utilisateur et de d\u00e9couvrir ce que vos utilisateurs veulent et pr\u00e9f\u00e8rent r\u00e9ellement. Testez l'interface utilisateur de votre site web, application, logiciel ou tout autre produit num\u00e9rique. Commencez gratuitement !","breadcrumb":{"@id":"https:\/\/trymata.com\/fr\/outils-de-test-de-linterface-utilisateur-ui\/#breadcrumb"},"inLanguage":"fr-FR","potentialAction":[{"@type":"ReadAction","target":["https:\/\/trymata.com\/fr\/outils-de-test-de-linterface-utilisateur-ui\/"]}]},{"@type":"BreadcrumbList","@id":"https:\/\/trymata.com\/fr\/outils-de-test-de-linterface-utilisateur-ui\/#breadcrumb","itemListElement":[{"@type":"ListItem","position":1,"name":"Home","item":"https:\/\/trymata.com\/fr\/"},{"@type":"ListItem","position":2,"name":"Outils de test de l&#8217;interface utilisateur (UI)"}]},{"@type":"WebSite","@id":"https:\/\/trymata.com\/fr\/#website","url":"https:\/\/trymata.com\/fr\/","name":"Trymata","description":"","potentialAction":[{"@type":"SearchAction","target":{"@type":"EntryPoint","urlTemplate":"https:\/\/trymata.com\/fr\/?s={search_term_string}"},"query-input":{"@type":"PropertyValueSpecification","valueRequired":true,"valueName":"search_term_string"}}],"inLanguage":"fr-FR"}]}},"_links":{"self":[{"href":"https:\/\/trymata.com\/fr\/wp-json\/wp\/v2\/pages\/27275","targetHints":{"allow":["GET"]}}],"collection":[{"href":"https:\/\/trymata.com\/fr\/wp-json\/wp\/v2\/pages"}],"about":[{"href":"https:\/\/trymata.com\/fr\/wp-json\/wp\/v2\/types\/page"}],"author":[{"embeddable":true,"href":"https:\/\/trymata.com\/fr\/wp-json\/wp\/v2\/users\/1"}],"replies":[{"embeddable":true,"href":"https:\/\/trymata.com\/fr\/wp-json\/wp\/v2\/comments?post=27275"}],"version-history":[{"count":0,"href":"https:\/\/trymata.com\/fr\/wp-json\/wp\/v2\/pages\/27275\/revisions"}],"wp:attachment":[{"href":"https:\/\/trymata.com\/fr\/wp-json\/wp\/v2\/media?parent=27275"}],"curies":[{"name":"wp","href":"https:\/\/api.w.org\/{rel}","templated":true}]}}