
{"id":27278,"date":"2023-09-25T06:51:15","date_gmt":"2023-09-25T12:51:15","guid":{"rendered":"https:\/\/trymata.com\/outils-de-test-dutilisabilite-a-distance\/"},"modified":"2023-09-25T06:51:15","modified_gmt":"2023-09-25T12:51:15","slug":"outils-de-test-dutilisabilite-a-distance","status":"publish","type":"page","link":"https:\/\/trymata.com\/fr\/outils-de-test-dutilisabilite-a-distance\/","title":{"rendered":"Outils de test d&#8217;utilisabilit\u00e9 \u00e0 distance"},"content":{"rendered":"","protected":false},"excerpt":{"rendered":"","protected":false},"author":1,"featured_media":0,"parent":0,"menu_order":0,"comment_status":"closed","ping_status":"closed","template":"templates\/why-trymata-agencies.php","meta":{"footnotes":""},"class_list":["post-27278","page","type-page","status-publish","hentry"],"yoast_head":"<!-- This site is optimized with the Yoast SEO plugin v26.9 - https:\/\/yoast.com\/product\/yoast-seo-wordpress\/ -->\n<title>Outils de test d&#039;utilisabilit\u00e9 \u00e0 distance - Trymata<\/title>\n<meta name=\"description\" content=\"Les outils de test d&#039;utilisabilit\u00e9 \u00e0 distance de Trymata vous permettent de conduire \u00e0 distance des tests utilisateurs mod\u00e9r\u00e9s et non mod\u00e9r\u00e9s sur des sites web, des applications, des logiciels ou tout autre produit num\u00e9rique. Commencez gratuitement !\" \/>\n<meta name=\"robots\" content=\"index, follow, max-snippet:-1, max-image-preview:large, max-video-preview:-1\" \/>\n<link rel=\"canonical\" href=\"https:\/\/trymata.com\/fr\/outils-de-test-dutilisabilite-a-distance\/\" \/>\n<meta property=\"og:locale\" content=\"fr_FR\" \/>\n<meta property=\"og:type\" content=\"article\" \/>\n<meta property=\"og:title\" content=\"Outils de test d&#039;utilisabilit\u00e9 \u00e0 distance - Trymata\" \/>\n<meta property=\"og:description\" content=\"Les outils de test d&#039;utilisabilit\u00e9 \u00e0 distance de Trymata vous permettent de conduire \u00e0 distance des tests utilisateurs mod\u00e9r\u00e9s et non mod\u00e9r\u00e9s sur des sites web, des applications, des logiciels ou tout autre produit num\u00e9rique. Commencez gratuitement !\" \/>\n<meta property=\"og:url\" content=\"https:\/\/trymata.com\/fr\/outils-de-test-dutilisabilite-a-distance\/\" \/>\n<meta property=\"og:site_name\" content=\"Trymata\" \/>\n<meta name=\"twitter:card\" content=\"summary_large_image\" \/>\n<meta name=\"twitter:site\" content=\"@trymyui\" \/>\n<!-- \/ Yoast SEO plugin. -->","yoast_head_json":{"title":"Outils de test d'utilisabilit\u00e9 \u00e0 distance - Trymata","description":"Les outils de test d'utilisabilit\u00e9 \u00e0 distance de Trymata vous permettent de conduire \u00e0 distance des tests utilisateurs mod\u00e9r\u00e9s et non mod\u00e9r\u00e9s sur des sites web, des applications, des logiciels ou tout autre produit num\u00e9rique. Commencez gratuitement !","robots":{"index":"index","follow":"follow","max-snippet":"max-snippet:-1","max-image-preview":"max-image-preview:large","max-video-preview":"max-video-preview:-1"},"canonical":"https:\/\/trymata.com\/fr\/outils-de-test-dutilisabilite-a-distance\/","og_locale":"fr_FR","og_type":"article","og_title":"Outils de test d'utilisabilit\u00e9 \u00e0 distance - Trymata","og_description":"Les outils de test d'utilisabilit\u00e9 \u00e0 distance de Trymata vous permettent de conduire \u00e0 distance des tests utilisateurs mod\u00e9r\u00e9s et non mod\u00e9r\u00e9s sur des sites web, des applications, des logiciels ou tout autre produit num\u00e9rique. Commencez gratuitement !","og_url":"https:\/\/trymata.com\/fr\/outils-de-test-dutilisabilite-a-distance\/","og_site_name":"Trymata","twitter_card":"summary_large_image","twitter_site":"@trymyui","schema":{"@context":"https:\/\/schema.org","@graph":[{"@type":"WebPage","@id":"https:\/\/trymata.com\/fr\/outils-de-test-dutilisabilite-a-distance\/","url":"https:\/\/trymata.com\/fr\/outils-de-test-dutilisabilite-a-distance\/","name":"Outils de test d'utilisabilit\u00e9 \u00e0 distance - Trymata","isPartOf":{"@id":"https:\/\/trymata.com\/fr\/#website"},"datePublished":"2023-09-25T12:51:15+00:00","description":"Les outils de test d'utilisabilit\u00e9 \u00e0 distance de Trymata vous permettent de conduire \u00e0 distance des tests utilisateurs mod\u00e9r\u00e9s et non mod\u00e9r\u00e9s sur des sites web, des applications, des logiciels ou tout autre produit num\u00e9rique. Commencez gratuitement !","breadcrumb":{"@id":"https:\/\/trymata.com\/fr\/outils-de-test-dutilisabilite-a-distance\/#breadcrumb"},"inLanguage":"fr-FR","potentialAction":[{"@type":"ReadAction","target":["https:\/\/trymata.com\/fr\/outils-de-test-dutilisabilite-a-distance\/"]}]},{"@type":"BreadcrumbList","@id":"https:\/\/trymata.com\/fr\/outils-de-test-dutilisabilite-a-distance\/#breadcrumb","itemListElement":[{"@type":"ListItem","position":1,"name":"Home","item":"https:\/\/trymata.com\/fr\/"},{"@type":"ListItem","position":2,"name":"Outils de test d&#8217;utilisabilit\u00e9 \u00e0 distance"}]},{"@type":"WebSite","@id":"https:\/\/trymata.com\/fr\/#website","url":"https:\/\/trymata.com\/fr\/","name":"Trymata","description":"","potentialAction":[{"@type":"SearchAction","target":{"@type":"EntryPoint","urlTemplate":"https:\/\/trymata.com\/fr\/?s={search_term_string}"},"query-input":{"@type":"PropertyValueSpecification","valueRequired":true,"valueName":"search_term_string"}}],"inLanguage":"fr-FR"}]}},"_links":{"self":[{"href":"https:\/\/trymata.com\/fr\/wp-json\/wp\/v2\/pages\/27278","targetHints":{"allow":["GET"]}}],"collection":[{"href":"https:\/\/trymata.com\/fr\/wp-json\/wp\/v2\/pages"}],"about":[{"href":"https:\/\/trymata.com\/fr\/wp-json\/wp\/v2\/types\/page"}],"author":[{"embeddable":true,"href":"https:\/\/trymata.com\/fr\/wp-json\/wp\/v2\/users\/1"}],"replies":[{"embeddable":true,"href":"https:\/\/trymata.com\/fr\/wp-json\/wp\/v2\/comments?post=27278"}],"version-history":[{"count":0,"href":"https:\/\/trymata.com\/fr\/wp-json\/wp\/v2\/pages\/27278\/revisions"}],"wp:attachment":[{"href":"https:\/\/trymata.com\/fr\/wp-json\/wp\/v2\/media?parent=27278"}],"curies":[{"name":"wp","href":"https:\/\/api.w.org\/{rel}","templated":true}]}}