
{"id":27279,"date":"2023-09-25T06:55:02","date_gmt":"2023-09-25T12:55:02","guid":{"rendered":"https:\/\/trymata.com\/exemples-de-tests-dutilisabilite\/"},"modified":"2023-09-25T06:55:02","modified_gmt":"2023-09-25T12:55:02","slug":"exemples-de-tests-dutilisabilite","status":"publish","type":"page","link":"https:\/\/trymata.com\/fr\/exemples-de-tests-dutilisabilite\/","title":{"rendered":"Exemples de tests d&#8217;utilisabilit\u00e9"},"content":{"rendered":"","protected":false},"excerpt":{"rendered":"","protected":false},"author":1,"featured_media":0,"parent":0,"menu_order":0,"comment_status":"closed","ping_status":"closed","template":"templates\/usability-testing-examples.php","meta":{"footnotes":""},"class_list":["post-27279","page","type-page","status-publish","hentry"],"yoast_head":"<!-- This site is optimized with the Yoast SEO plugin v26.9 - https:\/\/yoast.com\/product\/yoast-seo-wordpress\/ -->\n<title>Exemples de tests d&#039;utilisabilit\u00e9 - Trymata<\/title>\n<meta name=\"description\" content=\"Consultez nos exemples de tests d&#039;utilisabilit\u00e9 \u00e0 distance et d\u00e9couvrez une nouvelle fa\u00e7on d&#039;explorer vos flux d&#039;utilisateurs cruciaux et de recueillir des informations.\" \/>\n<meta name=\"robots\" content=\"index, follow, max-snippet:-1, max-image-preview:large, max-video-preview:-1\" \/>\n<link rel=\"canonical\" href=\"https:\/\/trymata.com\/fr\/exemples-de-tests-dutilisabilite\/\" \/>\n<meta property=\"og:locale\" content=\"fr_FR\" \/>\n<meta property=\"og:type\" content=\"article\" \/>\n<meta property=\"og:title\" content=\"Exemples de tests d&#039;utilisabilit\u00e9 - Trymata\" \/>\n<meta property=\"og:description\" content=\"Consultez nos exemples de tests d&#039;utilisabilit\u00e9 \u00e0 distance et d\u00e9couvrez une nouvelle fa\u00e7on d&#039;explorer vos flux d&#039;utilisateurs cruciaux et de recueillir des informations.\" \/>\n<meta property=\"og:url\" content=\"https:\/\/trymata.com\/fr\/exemples-de-tests-dutilisabilite\/\" \/>\n<meta property=\"og:site_name\" content=\"Trymata\" \/>\n<meta name=\"twitter:card\" content=\"summary_large_image\" \/>\n<meta name=\"twitter:site\" content=\"@trymyui\" \/>\n<!-- \/ Yoast SEO plugin. -->","yoast_head_json":{"title":"Exemples de tests d'utilisabilit\u00e9 - Trymata","description":"Consultez nos exemples de tests d'utilisabilit\u00e9 \u00e0 distance et d\u00e9couvrez une nouvelle fa\u00e7on d'explorer vos flux d'utilisateurs cruciaux et de recueillir des informations.","robots":{"index":"index","follow":"follow","max-snippet":"max-snippet:-1","max-image-preview":"max-image-preview:large","max-video-preview":"max-video-preview:-1"},"canonical":"https:\/\/trymata.com\/fr\/exemples-de-tests-dutilisabilite\/","og_locale":"fr_FR","og_type":"article","og_title":"Exemples de tests d'utilisabilit\u00e9 - Trymata","og_description":"Consultez nos exemples de tests d'utilisabilit\u00e9 \u00e0 distance et d\u00e9couvrez une nouvelle fa\u00e7on d'explorer vos flux d'utilisateurs cruciaux et de recueillir des informations.","og_url":"https:\/\/trymata.com\/fr\/exemples-de-tests-dutilisabilite\/","og_site_name":"Trymata","twitter_card":"summary_large_image","twitter_site":"@trymyui","schema":{"@context":"https:\/\/schema.org","@graph":[{"@type":"WebPage","@id":"https:\/\/trymata.com\/fr\/exemples-de-tests-dutilisabilite\/","url":"https:\/\/trymata.com\/fr\/exemples-de-tests-dutilisabilite\/","name":"Exemples de tests d'utilisabilit\u00e9 - Trymata","isPartOf":{"@id":"https:\/\/trymata.com\/fr\/#website"},"datePublished":"2023-09-25T12:55:02+00:00","description":"Consultez nos exemples de tests d'utilisabilit\u00e9 \u00e0 distance et d\u00e9couvrez une nouvelle fa\u00e7on d'explorer vos flux d'utilisateurs cruciaux et de recueillir des informations.","breadcrumb":{"@id":"https:\/\/trymata.com\/fr\/exemples-de-tests-dutilisabilite\/#breadcrumb"},"inLanguage":"fr-FR","potentialAction":[{"@type":"ReadAction","target":["https:\/\/trymata.com\/fr\/exemples-de-tests-dutilisabilite\/"]}]},{"@type":"BreadcrumbList","@id":"https:\/\/trymata.com\/fr\/exemples-de-tests-dutilisabilite\/#breadcrumb","itemListElement":[{"@type":"ListItem","position":1,"name":"Home","item":"https:\/\/trymata.com\/fr\/"},{"@type":"ListItem","position":2,"name":"Exemples de tests d&#8217;utilisabilit\u00e9"}]},{"@type":"WebSite","@id":"https:\/\/trymata.com\/fr\/#website","url":"https:\/\/trymata.com\/fr\/","name":"Trymata","description":"","potentialAction":[{"@type":"SearchAction","target":{"@type":"EntryPoint","urlTemplate":"https:\/\/trymata.com\/fr\/?s={search_term_string}"},"query-input":{"@type":"PropertyValueSpecification","valueRequired":true,"valueName":"search_term_string"}}],"inLanguage":"fr-FR"}]}},"_links":{"self":[{"href":"https:\/\/trymata.com\/fr\/wp-json\/wp\/v2\/pages\/27279","targetHints":{"allow":["GET"]}}],"collection":[{"href":"https:\/\/trymata.com\/fr\/wp-json\/wp\/v2\/pages"}],"about":[{"href":"https:\/\/trymata.com\/fr\/wp-json\/wp\/v2\/types\/page"}],"author":[{"embeddable":true,"href":"https:\/\/trymata.com\/fr\/wp-json\/wp\/v2\/users\/1"}],"replies":[{"embeddable":true,"href":"https:\/\/trymata.com\/fr\/wp-json\/wp\/v2\/comments?post=27279"}],"version-history":[{"count":0,"href":"https:\/\/trymata.com\/fr\/wp-json\/wp\/v2\/pages\/27279\/revisions"}],"wp:attachment":[{"href":"https:\/\/trymata.com\/fr\/wp-json\/wp\/v2\/media?parent=27279"}],"curies":[{"name":"wp","href":"https:\/\/api.w.org\/{rel}","templated":true}]}}