
{"id":27282,"date":"2023-09-22T06:58:07","date_gmt":"2023-09-22T12:58:07","guid":{"rendered":"https:\/\/trymata.com\/outil-de-test-pour-le-commerce-electronique\/"},"modified":"2023-09-22T06:58:07","modified_gmt":"2023-09-22T12:58:07","slug":"outil-de-test-pour-le-commerce-electronique","status":"publish","type":"page","link":"https:\/\/trymata.com\/fr\/outil-de-test-pour-le-commerce-electronique\/","title":{"rendered":"Outil de test pour le commerce \u00e9lectronique"},"content":{"rendered":"","protected":false},"excerpt":{"rendered":"","protected":false},"author":1,"featured_media":0,"parent":0,"menu_order":0,"comment_status":"closed","ping_status":"closed","template":"templates\/why-trymata-ecommerce.php","meta":{"footnotes":""},"class_list":["post-27282","page","type-page","status-publish","hentry"],"yoast_head":"<!-- This site is optimized with the Yoast SEO plugin v26.9 - https:\/\/yoast.com\/product\/yoast-seo-wordpress\/ -->\n<title>Outil de test pour le commerce \u00e9lectronique - Trymata<\/title>\n<meta name=\"description\" content=\"L&#039;outil de test e-commerce de Trymata vous permet de tester votre site web, application ou logiciel ecommerce pour l&#039;exp\u00e9rience utilisateur, l&#039;utilisabilit\u00e9, la recherche de points de douleur UX et bien plus encore. Embarquez votre propre panel ou recrutez \u00e0 partir d&#039;un pool de testeurs Trymata et obtenez des informations exploitables pour am\u00e9liorer votre portail de commerce \u00e9lectronique.\" \/>\n<meta name=\"robots\" content=\"index, follow, max-snippet:-1, max-image-preview:large, max-video-preview:-1\" \/>\n<link rel=\"canonical\" href=\"https:\/\/trymata.com\/fr\/outil-de-test-pour-le-commerce-electronique\/\" \/>\n<meta property=\"og:locale\" content=\"fr_FR\" \/>\n<meta property=\"og:type\" content=\"article\" \/>\n<meta property=\"og:title\" content=\"Outil de test pour le commerce \u00e9lectronique - Trymata\" \/>\n<meta property=\"og:description\" content=\"L&#039;outil de test e-commerce de Trymata vous permet de tester votre site web, application ou logiciel ecommerce pour l&#039;exp\u00e9rience utilisateur, l&#039;utilisabilit\u00e9, la recherche de points de douleur UX et bien plus encore. Embarquez votre propre panel ou recrutez \u00e0 partir d&#039;un pool de testeurs Trymata et obtenez des informations exploitables pour am\u00e9liorer votre portail de commerce \u00e9lectronique.\" \/>\n<meta property=\"og:url\" content=\"https:\/\/trymata.com\/fr\/outil-de-test-pour-le-commerce-electronique\/\" \/>\n<meta property=\"og:site_name\" content=\"Trymata\" \/>\n<meta property=\"og:image\" content=\"https:\/\/trymata.com\/wp-content\/uploads\/2025\/01\/e-commerce-testing-tool-1024x484.jpg\" \/>\n<meta name=\"twitter:card\" content=\"summary_large_image\" \/>\n<meta name=\"twitter:site\" content=\"@trymyui\" \/>\n<!-- \/ Yoast SEO plugin. -->","yoast_head_json":{"title":"Outil de test pour le commerce \u00e9lectronique - Trymata","description":"L'outil de test e-commerce de Trymata vous permet de tester votre site web, application ou logiciel ecommerce pour l'exp\u00e9rience utilisateur, l'utilisabilit\u00e9, la recherche de points de douleur UX et bien plus encore. Embarquez votre propre panel ou recrutez \u00e0 partir d'un pool de testeurs Trymata et obtenez des informations exploitables pour am\u00e9liorer votre portail de commerce \u00e9lectronique.","robots":{"index":"index","follow":"follow","max-snippet":"max-snippet:-1","max-image-preview":"max-image-preview:large","max-video-preview":"max-video-preview:-1"},"canonical":"https:\/\/trymata.com\/fr\/outil-de-test-pour-le-commerce-electronique\/","og_locale":"fr_FR","og_type":"article","og_title":"Outil de test pour le commerce \u00e9lectronique - Trymata","og_description":"L'outil de test e-commerce de Trymata vous permet de tester votre site web, application ou logiciel ecommerce pour l'exp\u00e9rience utilisateur, l'utilisabilit\u00e9, la recherche de points de douleur UX et bien plus encore. Embarquez votre propre panel ou recrutez \u00e0 partir d'un pool de testeurs Trymata et obtenez des informations exploitables pour am\u00e9liorer votre portail de commerce \u00e9lectronique.","og_url":"https:\/\/trymata.com\/fr\/outil-de-test-pour-le-commerce-electronique\/","og_site_name":"Trymata","og_image":[{"url":"https:\/\/trymata.com\/wp-content\/uploads\/2025\/01\/e-commerce-testing-tool-1024x484.jpg","type":"","width":"","height":""}],"twitter_card":"summary_large_image","twitter_site":"@trymyui","schema":{"@context":"https:\/\/schema.org","@graph":[{"@type":"WebPage","@id":"https:\/\/trymata.com\/fr\/outil-de-test-pour-le-commerce-electronique\/","url":"https:\/\/trymata.com\/fr\/outil-de-test-pour-le-commerce-electronique\/","name":"Outil de test pour le commerce \u00e9lectronique - Trymata","isPartOf":{"@id":"https:\/\/trymata.com\/fr\/#website"},"datePublished":"2023-09-22T12:58:07+00:00","description":"L'outil de test e-commerce de Trymata vous permet de tester votre site web, application ou logiciel ecommerce pour l'exp\u00e9rience utilisateur, l'utilisabilit\u00e9, la recherche de points de douleur UX et bien plus encore. Embarquez votre propre panel ou recrutez \u00e0 partir d'un pool de testeurs Trymata et obtenez des informations exploitables pour am\u00e9liorer votre portail de commerce \u00e9lectronique.","breadcrumb":{"@id":"https:\/\/trymata.com\/fr\/outil-de-test-pour-le-commerce-electronique\/#breadcrumb"},"inLanguage":"fr-FR","potentialAction":[{"@type":"ReadAction","target":["https:\/\/trymata.com\/fr\/outil-de-test-pour-le-commerce-electronique\/"]}]},{"@type":"BreadcrumbList","@id":"https:\/\/trymata.com\/fr\/outil-de-test-pour-le-commerce-electronique\/#breadcrumb","itemListElement":[{"@type":"ListItem","position":1,"name":"Home","item":"https:\/\/trymata.com\/fr\/"},{"@type":"ListItem","position":2,"name":"Outil de test pour le commerce \u00e9lectronique"}]},{"@type":"WebSite","@id":"https:\/\/trymata.com\/fr\/#website","url":"https:\/\/trymata.com\/fr\/","name":"Trymata","description":"","potentialAction":[{"@type":"SearchAction","target":{"@type":"EntryPoint","urlTemplate":"https:\/\/trymata.com\/fr\/?s={search_term_string}"},"query-input":{"@type":"PropertyValueSpecification","valueRequired":true,"valueName":"search_term_string"}}],"inLanguage":"fr-FR"}]}},"_links":{"self":[{"href":"https:\/\/trymata.com\/fr\/wp-json\/wp\/v2\/pages\/27282","targetHints":{"allow":["GET"]}}],"collection":[{"href":"https:\/\/trymata.com\/fr\/wp-json\/wp\/v2\/pages"}],"about":[{"href":"https:\/\/trymata.com\/fr\/wp-json\/wp\/v2\/types\/page"}],"author":[{"embeddable":true,"href":"https:\/\/trymata.com\/fr\/wp-json\/wp\/v2\/users\/1"}],"replies":[{"embeddable":true,"href":"https:\/\/trymata.com\/fr\/wp-json\/wp\/v2\/comments?post=27282"}],"version-history":[{"count":0,"href":"https:\/\/trymata.com\/fr\/wp-json\/wp\/v2\/pages\/27282\/revisions"}],"wp:attachment":[{"href":"https:\/\/trymata.com\/fr\/wp-json\/wp\/v2\/media?parent=27282"}],"curies":[{"name":"wp","href":"https:\/\/api.w.org\/{rel}","templated":true}]}}