
{"id":27286,"date":"2025-02-05T12:51:46","date_gmt":"2025-02-05T19:51:46","guid":{"rendered":"https:\/\/trymata.com\/devenez-testeur-ux\/"},"modified":"2025-02-05T12:51:46","modified_gmt":"2025-02-05T19:51:46","slug":"devenez-testeur-ux","status":"publish","type":"page","link":"https:\/\/trymata.com\/fr\/devenez-testeur-ux\/","title":{"rendered":"Devenez testeur UX"},"content":{"rendered":"","protected":false},"excerpt":{"rendered":"","protected":false},"author":1,"featured_media":0,"parent":0,"menu_order":0,"comment_status":"closed","ping_status":"closed","template":"templates\/why-trymata-startups-vcs.php","meta":{"footnotes":""},"class_list":["post-27286","page","type-page","status-publish","hentry"],"yoast_head":"<!-- This site is optimized with the Yoast SEO plugin v26.9 - https:\/\/yoast.com\/product\/yoast-seo-wordpress\/ -->\n<title>Devenez un testeur UX et soyez pay\u00e9 pour cela ! Trymata<\/title>\n<meta name=\"description\" content=\"Les outils de recherche sur l&#039;exp\u00e9rience utilisateur (UX) de Trymata vous permettent de mener des recherches qualitatives et quantitatives sur les appareils et les produits num\u00e9riques, qu&#039;il s&#039;agisse d&#039;un site web, d&#039;une application ou d&#039;un logiciel. Commencez \u00e0 mener des recherches sur l&#039;exp\u00e9rience utilisateur gratuitement et obtenez de vraies informations sur les besoins et les pr\u00e9f\u00e9rences des utilisateurs.\" \/>\n<meta name=\"robots\" content=\"index, follow, max-snippet:-1, max-image-preview:large, max-video-preview:-1\" \/>\n<link rel=\"canonical\" href=\"https:\/\/trymata.com\/fr\/devenez-testeur-ux\/\" \/>\n<meta property=\"og:locale\" content=\"fr_FR\" \/>\n<meta property=\"og:type\" content=\"article\" \/>\n<meta property=\"og:title\" content=\"Devenez un testeur UX et soyez pay\u00e9 pour cela ! Trymata\" \/>\n<meta property=\"og:description\" content=\"Les outils de recherche sur l&#039;exp\u00e9rience utilisateur (UX) de Trymata vous permettent de mener des recherches qualitatives et quantitatives sur les appareils et les produits num\u00e9riques, qu&#039;il s&#039;agisse d&#039;un site web, d&#039;une application ou d&#039;un logiciel. Commencez \u00e0 mener des recherches sur l&#039;exp\u00e9rience utilisateur gratuitement et obtenez de vraies informations sur les besoins et les pr\u00e9f\u00e9rences des utilisateurs.\" \/>\n<meta property=\"og:url\" content=\"https:\/\/trymata.com\/fr\/devenez-testeur-ux\/\" \/>\n<meta property=\"og:site_name\" content=\"Trymata\" \/>\n<meta name=\"twitter:card\" content=\"summary_large_image\" \/>\n<meta name=\"twitter:site\" content=\"@trymyui\" \/>\n<!-- \/ Yoast SEO plugin. -->","yoast_head_json":{"title":"Devenez un testeur UX et soyez pay\u00e9 pour cela ! Trymata","description":"Les outils de recherche sur l'exp\u00e9rience utilisateur (UX) de Trymata vous permettent de mener des recherches qualitatives et quantitatives sur les appareils et les produits num\u00e9riques, qu'il s'agisse d'un site web, d'une application ou d'un logiciel. Commencez \u00e0 mener des recherches sur l'exp\u00e9rience utilisateur gratuitement et obtenez de vraies informations sur les besoins et les pr\u00e9f\u00e9rences des utilisateurs.","robots":{"index":"index","follow":"follow","max-snippet":"max-snippet:-1","max-image-preview":"max-image-preview:large","max-video-preview":"max-video-preview:-1"},"canonical":"https:\/\/trymata.com\/fr\/devenez-testeur-ux\/","og_locale":"fr_FR","og_type":"article","og_title":"Devenez un testeur UX et soyez pay\u00e9 pour cela ! Trymata","og_description":"Les outils de recherche sur l'exp\u00e9rience utilisateur (UX) de Trymata vous permettent de mener des recherches qualitatives et quantitatives sur les appareils et les produits num\u00e9riques, qu'il s'agisse d'un site web, d'une application ou d'un logiciel. Commencez \u00e0 mener des recherches sur l'exp\u00e9rience utilisateur gratuitement et obtenez de vraies informations sur les besoins et les pr\u00e9f\u00e9rences des utilisateurs.","og_url":"https:\/\/trymata.com\/fr\/devenez-testeur-ux\/","og_site_name":"Trymata","twitter_card":"summary_large_image","twitter_site":"@trymyui","schema":{"@context":"https:\/\/schema.org","@graph":[{"@type":"WebPage","@id":"https:\/\/trymata.com\/fr\/devenez-testeur-ux\/","url":"https:\/\/trymata.com\/fr\/devenez-testeur-ux\/","name":"Devenez un testeur UX et soyez pay\u00e9 pour cela ! Trymata","isPartOf":{"@id":"https:\/\/trymata.com\/fr\/#website"},"datePublished":"2025-02-05T19:51:46+00:00","description":"Les outils de recherche sur l'exp\u00e9rience utilisateur (UX) de Trymata vous permettent de mener des recherches qualitatives et quantitatives sur les appareils et les produits num\u00e9riques, qu'il s'agisse d'un site web, d'une application ou d'un logiciel. Commencez \u00e0 mener des recherches sur l'exp\u00e9rience utilisateur gratuitement et obtenez de vraies informations sur les besoins et les pr\u00e9f\u00e9rences des utilisateurs.","breadcrumb":{"@id":"https:\/\/trymata.com\/fr\/devenez-testeur-ux\/#breadcrumb"},"inLanguage":"fr-FR","potentialAction":[{"@type":"ReadAction","target":["https:\/\/trymata.com\/fr\/devenez-testeur-ux\/"]}]},{"@type":"BreadcrumbList","@id":"https:\/\/trymata.com\/fr\/devenez-testeur-ux\/#breadcrumb","itemListElement":[{"@type":"ListItem","position":1,"name":"Home","item":"https:\/\/trymata.com\/fr\/"},{"@type":"ListItem","position":2,"name":"Devenez testeur UX"}]},{"@type":"WebSite","@id":"https:\/\/trymata.com\/fr\/#website","url":"https:\/\/trymata.com\/fr\/","name":"Trymata","description":"","potentialAction":[{"@type":"SearchAction","target":{"@type":"EntryPoint","urlTemplate":"https:\/\/trymata.com\/fr\/?s={search_term_string}"},"query-input":{"@type":"PropertyValueSpecification","valueRequired":true,"valueName":"search_term_string"}}],"inLanguage":"fr-FR"}]}},"_links":{"self":[{"href":"https:\/\/trymata.com\/fr\/wp-json\/wp\/v2\/pages\/27286","targetHints":{"allow":["GET"]}}],"collection":[{"href":"https:\/\/trymata.com\/fr\/wp-json\/wp\/v2\/pages"}],"about":[{"href":"https:\/\/trymata.com\/fr\/wp-json\/wp\/v2\/types\/page"}],"author":[{"embeddable":true,"href":"https:\/\/trymata.com\/fr\/wp-json\/wp\/v2\/users\/1"}],"replies":[{"embeddable":true,"href":"https:\/\/trymata.com\/fr\/wp-json\/wp\/v2\/comments?post=27286"}],"version-history":[{"count":0,"href":"https:\/\/trymata.com\/fr\/wp-json\/wp\/v2\/pages\/27286\/revisions"}],"wp:attachment":[{"href":"https:\/\/trymata.com\/fr\/wp-json\/wp\/v2\/media?parent=27286"}],"curies":[{"name":"wp","href":"https:\/\/api.w.org\/{rel}","templated":true}]}}