
{"id":27290,"date":"2025-02-05T12:57:54","date_gmt":"2025-02-05T19:57:54","guid":{"rendered":"https:\/\/trymata.com\/devenir-testeur-de-logiciels\/"},"modified":"2025-02-05T12:57:54","modified_gmt":"2025-02-05T19:57:54","slug":"devenir-testeur-de-logiciels","status":"publish","type":"page","link":"https:\/\/trymata.com\/fr\/devenir-testeur-de-logiciels\/","title":{"rendered":"Devenir testeur de logiciels"},"content":{"rendered":"","protected":false},"excerpt":{"rendered":"","protected":false},"author":1,"featured_media":0,"parent":0,"menu_order":0,"comment_status":"closed","ping_status":"closed","template":"templates\/why-trymata-marketing.php","meta":{"footnotes":""},"class_list":["post-27290","page","type-page","status-publish","hentry"],"yoast_head":"<!-- This site is optimized with the Yoast SEO plugin v26.9 - https:\/\/yoast.com\/product\/yoast-seo-wordpress\/ -->\n<title>Devenir testeur de logiciels - Trymata<\/title>\n<meta name=\"description\" content=\"Les outils de test utilisateur de Trymata vous permettent de tester rapidement n&#039;importe quel site web, application, logiciel ou produit num\u00e9rique. Eliminez les conjectures et obtenez de vrais tests utilisateurs pour d\u00e9couvrir ce que vos utilisateurs veulent et pr\u00e9f\u00e8rent.\" \/>\n<meta name=\"robots\" content=\"index, follow, max-snippet:-1, max-image-preview:large, max-video-preview:-1\" \/>\n<link rel=\"canonical\" href=\"https:\/\/trymata.com\/fr\/devenir-testeur-de-logiciels\/\" \/>\n<meta property=\"og:locale\" content=\"fr_FR\" \/>\n<meta property=\"og:type\" content=\"article\" \/>\n<meta property=\"og:title\" content=\"Devenir testeur de logiciels - Trymata\" \/>\n<meta property=\"og:description\" content=\"Les outils de test utilisateur de Trymata vous permettent de tester rapidement n&#039;importe quel site web, application, logiciel ou produit num\u00e9rique. Eliminez les conjectures et obtenez de vrais tests utilisateurs pour d\u00e9couvrir ce que vos utilisateurs veulent et pr\u00e9f\u00e8rent.\" \/>\n<meta property=\"og:url\" content=\"https:\/\/trymata.com\/fr\/devenir-testeur-de-logiciels\/\" \/>\n<meta property=\"og:site_name\" content=\"Trymata\" \/>\n<meta name=\"twitter:card\" content=\"summary_large_image\" \/>\n<meta name=\"twitter:site\" content=\"@trymyui\" \/>\n<!-- \/ Yoast SEO plugin. -->","yoast_head_json":{"title":"Devenir testeur de logiciels - Trymata","description":"Les outils de test utilisateur de Trymata vous permettent de tester rapidement n'importe quel site web, application, logiciel ou produit num\u00e9rique. Eliminez les conjectures et obtenez de vrais tests utilisateurs pour d\u00e9couvrir ce que vos utilisateurs veulent et pr\u00e9f\u00e8rent.","robots":{"index":"index","follow":"follow","max-snippet":"max-snippet:-1","max-image-preview":"max-image-preview:large","max-video-preview":"max-video-preview:-1"},"canonical":"https:\/\/trymata.com\/fr\/devenir-testeur-de-logiciels\/","og_locale":"fr_FR","og_type":"article","og_title":"Devenir testeur de logiciels - Trymata","og_description":"Les outils de test utilisateur de Trymata vous permettent de tester rapidement n'importe quel site web, application, logiciel ou produit num\u00e9rique. Eliminez les conjectures et obtenez de vrais tests utilisateurs pour d\u00e9couvrir ce que vos utilisateurs veulent et pr\u00e9f\u00e8rent.","og_url":"https:\/\/trymata.com\/fr\/devenir-testeur-de-logiciels\/","og_site_name":"Trymata","twitter_card":"summary_large_image","twitter_site":"@trymyui","schema":{"@context":"https:\/\/schema.org","@graph":[{"@type":"WebPage","@id":"https:\/\/trymata.com\/fr\/devenir-testeur-de-logiciels\/","url":"https:\/\/trymata.com\/fr\/devenir-testeur-de-logiciels\/","name":"Devenir testeur de logiciels - Trymata","isPartOf":{"@id":"https:\/\/trymata.com\/fr\/#website"},"datePublished":"2025-02-05T19:57:54+00:00","description":"Les outils de test utilisateur de Trymata vous permettent de tester rapidement n'importe quel site web, application, logiciel ou produit num\u00e9rique. Eliminez les conjectures et obtenez de vrais tests utilisateurs pour d\u00e9couvrir ce que vos utilisateurs veulent et pr\u00e9f\u00e8rent.","breadcrumb":{"@id":"https:\/\/trymata.com\/fr\/devenir-testeur-de-logiciels\/#breadcrumb"},"inLanguage":"fr-FR","potentialAction":[{"@type":"ReadAction","target":["https:\/\/trymata.com\/fr\/devenir-testeur-de-logiciels\/"]}]},{"@type":"BreadcrumbList","@id":"https:\/\/trymata.com\/fr\/devenir-testeur-de-logiciels\/#breadcrumb","itemListElement":[{"@type":"ListItem","position":1,"name":"Home","item":"https:\/\/trymata.com\/fr\/"},{"@type":"ListItem","position":2,"name":"Devenir testeur de logiciels"}]},{"@type":"WebSite","@id":"https:\/\/trymata.com\/fr\/#website","url":"https:\/\/trymata.com\/fr\/","name":"Trymata","description":"","potentialAction":[{"@type":"SearchAction","target":{"@type":"EntryPoint","urlTemplate":"https:\/\/trymata.com\/fr\/?s={search_term_string}"},"query-input":{"@type":"PropertyValueSpecification","valueRequired":true,"valueName":"search_term_string"}}],"inLanguage":"fr-FR"}]}},"_links":{"self":[{"href":"https:\/\/trymata.com\/fr\/wp-json\/wp\/v2\/pages\/27290","targetHints":{"allow":["GET"]}}],"collection":[{"href":"https:\/\/trymata.com\/fr\/wp-json\/wp\/v2\/pages"}],"about":[{"href":"https:\/\/trymata.com\/fr\/wp-json\/wp\/v2\/types\/page"}],"author":[{"embeddable":true,"href":"https:\/\/trymata.com\/fr\/wp-json\/wp\/v2\/users\/1"}],"replies":[{"embeddable":true,"href":"https:\/\/trymata.com\/fr\/wp-json\/wp\/v2\/comments?post=27290"}],"version-history":[{"count":0,"href":"https:\/\/trymata.com\/fr\/wp-json\/wp\/v2\/pages\/27290\/revisions"}],"wp:attachment":[{"href":"https:\/\/trymata.com\/fr\/wp-json\/wp\/v2\/media?parent=27290"}],"curies":[{"name":"wp","href":"https:\/\/api.w.org\/{rel}","templated":true}]}}