
{"id":27292,"date":"2023-09-25T06:56:42","date_gmt":"2023-09-25T12:56:42","guid":{"rendered":"https:\/\/trymata.com\/plans\/"},"modified":"2023-09-25T06:56:42","modified_gmt":"2023-09-25T12:56:42","slug":"plans","status":"publish","type":"page","link":"https:\/\/trymata.com\/fr\/plans\/","title":{"rendered":"Plans"},"content":{"rendered":"","protected":false},"excerpt":{"rendered":"","protected":false},"author":1,"featured_media":0,"parent":0,"menu_order":0,"comment_status":"closed","ping_status":"closed","template":"templates\/plans-usability-testing.php","meta":{"footnotes":""},"class_list":["post-27292","page","type-page","status-publish","hentry"],"yoast_head":"<!-- This site is optimized with the Yoast SEO plugin v26.9 - https:\/\/yoast.com\/product\/yoast-seo-wordpress\/ -->\n<title>Plans - Trymata<\/title>\n<meta name=\"description\" content=\"Apprenez tous les d\u00e9tails sur nos types de plans et leurs prix. D\u00e9couvrez leurs limites et leurs puissantes caract\u00e9ristiques pour am\u00e9liorer votre exp\u00e9rience du produit.\" \/>\n<meta name=\"robots\" content=\"index, follow, max-snippet:-1, max-image-preview:large, max-video-preview:-1\" \/>\n<link rel=\"canonical\" href=\"https:\/\/trymata.com\/fr\/plans\/\" \/>\n<meta property=\"og:locale\" content=\"fr_FR\" \/>\n<meta property=\"og:type\" content=\"article\" \/>\n<meta property=\"og:title\" content=\"Plans - Trymata\" \/>\n<meta property=\"og:description\" content=\"Apprenez tous les d\u00e9tails sur nos types de plans et leurs prix. D\u00e9couvrez leurs limites et leurs puissantes caract\u00e9ristiques pour am\u00e9liorer votre exp\u00e9rience du produit.\" \/>\n<meta property=\"og:url\" content=\"https:\/\/trymata.com\/fr\/plans\/\" \/>\n<meta property=\"og:site_name\" content=\"Trymata\" \/>\n<meta name=\"twitter:card\" content=\"summary_large_image\" \/>\n<meta name=\"twitter:site\" content=\"@trymyui\" \/>\n<!-- \/ Yoast SEO plugin. -->","yoast_head_json":{"title":"Plans - Trymata","description":"Apprenez tous les d\u00e9tails sur nos types de plans et leurs prix. D\u00e9couvrez leurs limites et leurs puissantes caract\u00e9ristiques pour am\u00e9liorer votre exp\u00e9rience du produit.","robots":{"index":"index","follow":"follow","max-snippet":"max-snippet:-1","max-image-preview":"max-image-preview:large","max-video-preview":"max-video-preview:-1"},"canonical":"https:\/\/trymata.com\/fr\/plans\/","og_locale":"fr_FR","og_type":"article","og_title":"Plans - Trymata","og_description":"Apprenez tous les d\u00e9tails sur nos types de plans et leurs prix. D\u00e9couvrez leurs limites et leurs puissantes caract\u00e9ristiques pour am\u00e9liorer votre exp\u00e9rience du produit.","og_url":"https:\/\/trymata.com\/fr\/plans\/","og_site_name":"Trymata","twitter_card":"summary_large_image","twitter_site":"@trymyui","schema":{"@context":"https:\/\/schema.org","@graph":[{"@type":"WebPage","@id":"https:\/\/trymata.com\/fr\/plans\/","url":"https:\/\/trymata.com\/fr\/plans\/","name":"Plans - Trymata","isPartOf":{"@id":"https:\/\/trymata.com\/fr\/#website"},"datePublished":"2023-09-25T12:56:42+00:00","description":"Apprenez tous les d\u00e9tails sur nos types de plans et leurs prix. D\u00e9couvrez leurs limites et leurs puissantes caract\u00e9ristiques pour am\u00e9liorer votre exp\u00e9rience du produit.","breadcrumb":{"@id":"https:\/\/trymata.com\/fr\/plans\/#breadcrumb"},"inLanguage":"fr-FR","potentialAction":[{"@type":"ReadAction","target":["https:\/\/trymata.com\/fr\/plans\/"]}]},{"@type":"BreadcrumbList","@id":"https:\/\/trymata.com\/fr\/plans\/#breadcrumb","itemListElement":[{"@type":"ListItem","position":1,"name":"Home","item":"https:\/\/trymata.com\/fr\/"},{"@type":"ListItem","position":2,"name":"Plans"}]},{"@type":"WebSite","@id":"https:\/\/trymata.com\/fr\/#website","url":"https:\/\/trymata.com\/fr\/","name":"Trymata","description":"","potentialAction":[{"@type":"SearchAction","target":{"@type":"EntryPoint","urlTemplate":"https:\/\/trymata.com\/fr\/?s={search_term_string}"},"query-input":{"@type":"PropertyValueSpecification","valueRequired":true,"valueName":"search_term_string"}}],"inLanguage":"fr-FR"}]}},"_links":{"self":[{"href":"https:\/\/trymata.com\/fr\/wp-json\/wp\/v2\/pages\/27292","targetHints":{"allow":["GET"]}}],"collection":[{"href":"https:\/\/trymata.com\/fr\/wp-json\/wp\/v2\/pages"}],"about":[{"href":"https:\/\/trymata.com\/fr\/wp-json\/wp\/v2\/types\/page"}],"author":[{"embeddable":true,"href":"https:\/\/trymata.com\/fr\/wp-json\/wp\/v2\/users\/1"}],"replies":[{"embeddable":true,"href":"https:\/\/trymata.com\/fr\/wp-json\/wp\/v2\/comments?post=27292"}],"version-history":[{"count":0,"href":"https:\/\/trymata.com\/fr\/wp-json\/wp\/v2\/pages\/27292\/revisions"}],"wp:attachment":[{"href":"https:\/\/trymata.com\/fr\/wp-json\/wp\/v2\/media?parent=27292"}],"curies":[{"name":"wp","href":"https:\/\/api.w.org\/{rel}","templated":true}]}}