
{"id":27296,"date":"2023-09-28T04:35:36","date_gmt":"2023-09-28T10:35:36","guid":{"rendered":"https:\/\/trymata.com\/entreprise\/"},"modified":"2023-09-28T04:35:36","modified_gmt":"2023-09-28T10:35:36","slug":"entreprise","status":"publish","type":"page","link":"https:\/\/trymata.com\/fr\/entreprise\/","title":{"rendered":"Entreprise"},"content":{"rendered":"","protected":false},"excerpt":{"rendered":"","protected":false},"author":1,"featured_media":0,"parent":0,"menu_order":0,"comment_status":"closed","ping_status":"closed","template":"templates\/company.php","meta":{"footnotes":""},"class_list":["post-27296","page","type-page","status-publish","hentry"],"yoast_head":"<!-- This site is optimized with the Yoast SEO plugin v26.9 - https:\/\/yoast.com\/product\/yoast-seo-wordpress\/ -->\n<title>Entreprise - Trymata<\/title>\n<meta name=\"description\" content=\"D\u00e9couvrez l&#039;histoire de Trymata, notre mission et pourquoi nous sommes la premi\u00e8re plateforme de croissance bas\u00e9e sur les produits.\" \/>\n<meta name=\"robots\" content=\"index, follow, max-snippet:-1, max-image-preview:large, max-video-preview:-1\" \/>\n<link rel=\"canonical\" href=\"https:\/\/trymata.com\/fr\/entreprise\/\" \/>\n<meta property=\"og:locale\" content=\"fr_FR\" \/>\n<meta property=\"og:type\" content=\"article\" \/>\n<meta property=\"og:title\" content=\"Entreprise - Trymata\" \/>\n<meta property=\"og:description\" content=\"D\u00e9couvrez l&#039;histoire de Trymata, notre mission et pourquoi nous sommes la premi\u00e8re plateforme de croissance bas\u00e9e sur les produits.\" \/>\n<meta property=\"og:url\" content=\"https:\/\/trymata.com\/fr\/entreprise\/\" \/>\n<meta property=\"og:site_name\" content=\"Trymata\" \/>\n<meta name=\"twitter:card\" content=\"summary_large_image\" \/>\n<meta name=\"twitter:site\" content=\"@trymyui\" \/>\n<!-- \/ Yoast SEO plugin. -->","yoast_head_json":{"title":"Entreprise - Trymata","description":"D\u00e9couvrez l'histoire de Trymata, notre mission et pourquoi nous sommes la premi\u00e8re plateforme de croissance bas\u00e9e sur les produits.","robots":{"index":"index","follow":"follow","max-snippet":"max-snippet:-1","max-image-preview":"max-image-preview:large","max-video-preview":"max-video-preview:-1"},"canonical":"https:\/\/trymata.com\/fr\/entreprise\/","og_locale":"fr_FR","og_type":"article","og_title":"Entreprise - Trymata","og_description":"D\u00e9couvrez l'histoire de Trymata, notre mission et pourquoi nous sommes la premi\u00e8re plateforme de croissance bas\u00e9e sur les produits.","og_url":"https:\/\/trymata.com\/fr\/entreprise\/","og_site_name":"Trymata","twitter_card":"summary_large_image","twitter_site":"@trymyui","schema":{"@context":"https:\/\/schema.org","@graph":[{"@type":"WebPage","@id":"https:\/\/trymata.com\/fr\/entreprise\/","url":"https:\/\/trymata.com\/fr\/entreprise\/","name":"Entreprise - Trymata","isPartOf":{"@id":"https:\/\/trymata.com\/fr\/#website"},"datePublished":"2023-09-28T10:35:36+00:00","description":"D\u00e9couvrez l'histoire de Trymata, notre mission et pourquoi nous sommes la premi\u00e8re plateforme de croissance bas\u00e9e sur les produits.","breadcrumb":{"@id":"https:\/\/trymata.com\/fr\/entreprise\/#breadcrumb"},"inLanguage":"fr-FR","potentialAction":[{"@type":"ReadAction","target":["https:\/\/trymata.com\/fr\/entreprise\/"]}]},{"@type":"BreadcrumbList","@id":"https:\/\/trymata.com\/fr\/entreprise\/#breadcrumb","itemListElement":[{"@type":"ListItem","position":1,"name":"Home","item":"https:\/\/trymata.com\/fr\/"},{"@type":"ListItem","position":2,"name":"Entreprise"}]},{"@type":"WebSite","@id":"https:\/\/trymata.com\/fr\/#website","url":"https:\/\/trymata.com\/fr\/","name":"Trymata","description":"","potentialAction":[{"@type":"SearchAction","target":{"@type":"EntryPoint","urlTemplate":"https:\/\/trymata.com\/fr\/?s={search_term_string}"},"query-input":{"@type":"PropertyValueSpecification","valueRequired":true,"valueName":"search_term_string"}}],"inLanguage":"fr-FR"}]}},"_links":{"self":[{"href":"https:\/\/trymata.com\/fr\/wp-json\/wp\/v2\/pages\/27296","targetHints":{"allow":["GET"]}}],"collection":[{"href":"https:\/\/trymata.com\/fr\/wp-json\/wp\/v2\/pages"}],"about":[{"href":"https:\/\/trymata.com\/fr\/wp-json\/wp\/v2\/types\/page"}],"author":[{"embeddable":true,"href":"https:\/\/trymata.com\/fr\/wp-json\/wp\/v2\/users\/1"}],"replies":[{"embeddable":true,"href":"https:\/\/trymata.com\/fr\/wp-json\/wp\/v2\/comments?post=27296"}],"version-history":[{"count":0,"href":"https:\/\/trymata.com\/fr\/wp-json\/wp\/v2\/pages\/27296\/revisions"}],"wp:attachment":[{"href":"https:\/\/trymata.com\/fr\/wp-json\/wp\/v2\/media?parent=27296"}],"curies":[{"name":"wp","href":"https:\/\/api.w.org\/{rel}","templated":true}]}}