
{"id":27567,"date":"2025-08-28T09:51:37","date_gmt":"2025-08-28T15:51:37","guid":{"rendered":"https:\/\/trymata.com\/test-dutilisabilite-gratuit-pour-votre-produit-essai-gratuit-de-trymata\/"},"modified":"2025-08-28T09:51:37","modified_gmt":"2025-08-28T15:51:37","slug":"test-dutilisabilite-gratuit-pour-votre-produit-essai-gratuit-de-trymata","status":"publish","type":"page","link":"https:\/\/trymata.com\/fr\/test-dutilisabilite-gratuit-pour-votre-produit-essai-gratuit-de-trymata\/","title":{"rendered":"Test d&#8217;utilisabilit\u00e9 gratuit pour votre produit | Essai gratuit de Trymata"},"content":{"rendered":"","protected":false},"excerpt":{"rendered":"","protected":false},"author":56,"featured_media":0,"parent":0,"menu_order":0,"comment_status":"closed","ping_status":"closed","template":"templates\/free-trial.php","meta":{"footnotes":""},"class_list":["post-27567","page","type-page","status-publish","hentry"],"yoast_head":"<!-- This site is optimized with the Yoast SEO plugin v26.9 - https:\/\/yoast.com\/product\/yoast-seo-wordpress\/ -->\n<title>Test d&#039;utilisabilit\u00e9 gratuit pour votre produit | Essai gratuit de Trymata - Trymata<\/title>\n<meta name=\"description\" content=\"Commencez votre essai gratuit et d\u00e9butez vos tests d&#039;utilisabilit\u00e9 d\u00e8s aujourd&#039;hui. Inscrivez-vous d\u00e8s maintenant pour un test utilisateur gratuit et 2 semaines d&#039;utilisation de nos fonctions compl\u00e8tes de test et d&#039;analyse. Aucune carte de cr\u00e9dit n&#039;est requise.\" \/>\n<meta name=\"robots\" content=\"index, follow, max-snippet:-1, max-image-preview:large, max-video-preview:-1\" \/>\n<link rel=\"canonical\" href=\"https:\/\/trymata.com\/fr\/test-dutilisabilite-gratuit-pour-votre-produit-essai-gratuit-de-trymata\/\" \/>\n<meta property=\"og:locale\" content=\"fr_FR\" \/>\n<meta property=\"og:type\" content=\"article\" \/>\n<meta property=\"og:title\" content=\"Test d&#039;utilisabilit\u00e9 gratuit pour votre produit | Essai gratuit de Trymata - Trymata\" \/>\n<meta property=\"og:description\" content=\"Commencez votre essai gratuit et d\u00e9butez vos tests d&#039;utilisabilit\u00e9 d\u00e8s aujourd&#039;hui. Inscrivez-vous d\u00e8s maintenant pour un test utilisateur gratuit et 2 semaines d&#039;utilisation de nos fonctions compl\u00e8tes de test et d&#039;analyse. Aucune carte de cr\u00e9dit n&#039;est requise.\" \/>\n<meta property=\"og:url\" content=\"https:\/\/trymata.com\/fr\/test-dutilisabilite-gratuit-pour-votre-produit-essai-gratuit-de-trymata\/\" \/>\n<meta property=\"og:site_name\" content=\"Trymata\" \/>\n<meta name=\"twitter:card\" content=\"summary_large_image\" \/>\n<meta name=\"twitter:site\" content=\"@trymyui\" \/>\n<!-- \/ Yoast SEO plugin. -->","yoast_head_json":{"title":"Test d'utilisabilit\u00e9 gratuit pour votre produit | Essai gratuit de Trymata - Trymata","description":"Commencez votre essai gratuit et d\u00e9butez vos tests d'utilisabilit\u00e9 d\u00e8s aujourd'hui. Inscrivez-vous d\u00e8s maintenant pour un test utilisateur gratuit et 2 semaines d'utilisation de nos fonctions compl\u00e8tes de test et d'analyse. Aucune carte de cr\u00e9dit n'est requise.","robots":{"index":"index","follow":"follow","max-snippet":"max-snippet:-1","max-image-preview":"max-image-preview:large","max-video-preview":"max-video-preview:-1"},"canonical":"https:\/\/trymata.com\/fr\/test-dutilisabilite-gratuit-pour-votre-produit-essai-gratuit-de-trymata\/","og_locale":"fr_FR","og_type":"article","og_title":"Test d'utilisabilit\u00e9 gratuit pour votre produit | Essai gratuit de Trymata - Trymata","og_description":"Commencez votre essai gratuit et d\u00e9butez vos tests d'utilisabilit\u00e9 d\u00e8s aujourd'hui. Inscrivez-vous d\u00e8s maintenant pour un test utilisateur gratuit et 2 semaines d'utilisation de nos fonctions compl\u00e8tes de test et d'analyse. Aucune carte de cr\u00e9dit n'est requise.","og_url":"https:\/\/trymata.com\/fr\/test-dutilisabilite-gratuit-pour-votre-produit-essai-gratuit-de-trymata\/","og_site_name":"Trymata","twitter_card":"summary_large_image","twitter_site":"@trymyui","schema":{"@context":"https:\/\/schema.org","@graph":[{"@type":"WebPage","@id":"https:\/\/trymata.com\/fr\/test-dutilisabilite-gratuit-pour-votre-produit-essai-gratuit-de-trymata\/","url":"https:\/\/trymata.com\/fr\/test-dutilisabilite-gratuit-pour-votre-produit-essai-gratuit-de-trymata\/","name":"Test d'utilisabilit\u00e9 gratuit pour votre produit | Essai gratuit de Trymata - Trymata","isPartOf":{"@id":"https:\/\/trymata.com\/fr\/#website"},"datePublished":"2025-08-28T15:51:37+00:00","description":"Commencez votre essai gratuit et d\u00e9butez vos tests d'utilisabilit\u00e9 d\u00e8s aujourd'hui. Inscrivez-vous d\u00e8s maintenant pour un test utilisateur gratuit et 2 semaines d'utilisation de nos fonctions compl\u00e8tes de test et d'analyse. Aucune carte de cr\u00e9dit n'est requise.","breadcrumb":{"@id":"https:\/\/trymata.com\/fr\/test-dutilisabilite-gratuit-pour-votre-produit-essai-gratuit-de-trymata\/#breadcrumb"},"inLanguage":"fr-FR","potentialAction":[{"@type":"ReadAction","target":["https:\/\/trymata.com\/fr\/test-dutilisabilite-gratuit-pour-votre-produit-essai-gratuit-de-trymata\/"]}]},{"@type":"BreadcrumbList","@id":"https:\/\/trymata.com\/fr\/test-dutilisabilite-gratuit-pour-votre-produit-essai-gratuit-de-trymata\/#breadcrumb","itemListElement":[{"@type":"ListItem","position":1,"name":"Home","item":"https:\/\/trymata.com\/fr\/"},{"@type":"ListItem","position":2,"name":"Test d&#8217;utilisabilit\u00e9 gratuit pour votre produit | Essai gratuit de Trymata"}]},{"@type":"WebSite","@id":"https:\/\/trymata.com\/fr\/#website","url":"https:\/\/trymata.com\/fr\/","name":"Trymata","description":"","potentialAction":[{"@type":"SearchAction","target":{"@type":"EntryPoint","urlTemplate":"https:\/\/trymata.com\/fr\/?s={search_term_string}"},"query-input":{"@type":"PropertyValueSpecification","valueRequired":true,"valueName":"search_term_string"}}],"inLanguage":"fr-FR"}]}},"_links":{"self":[{"href":"https:\/\/trymata.com\/fr\/wp-json\/wp\/v2\/pages\/27567","targetHints":{"allow":["GET"]}}],"collection":[{"href":"https:\/\/trymata.com\/fr\/wp-json\/wp\/v2\/pages"}],"about":[{"href":"https:\/\/trymata.com\/fr\/wp-json\/wp\/v2\/types\/page"}],"author":[{"embeddable":true,"href":"https:\/\/trymata.com\/fr\/wp-json\/wp\/v2\/users\/56"}],"replies":[{"embeddable":true,"href":"https:\/\/trymata.com\/fr\/wp-json\/wp\/v2\/comments?post=27567"}],"version-history":[{"count":0,"href":"https:\/\/trymata.com\/fr\/wp-json\/wp\/v2\/pages\/27567\/revisions"}],"wp:attachment":[{"href":"https:\/\/trymata.com\/fr\/wp-json\/wp\/v2\/media?parent=27567"}],"curies":[{"name":"wp","href":"https:\/\/api.w.org\/{rel}","templated":true}]}}