
{"id":25547,"date":"2023-09-22T06:53:18","date_gmt":"2023-09-22T12:53:18","guid":{"rendered":"https:\/\/trymata.com\/pagina-inicial\/"},"modified":"2023-09-22T06:53:18","modified_gmt":"2023-09-22T12:53:18","slug":"pagina-inicial","status":"publish","type":"page","link":"https:\/\/trymata.com\/pt-br\/","title":{"rendered":"P\u00e1gina inicial"},"content":{"rendered":"","protected":false},"excerpt":{"rendered":"","protected":false},"author":1,"featured_media":0,"parent":0,"menu_order":0,"comment_status":"closed","ping_status":"closed","template":"templates\/home.php","meta":{"footnotes":""},"class_list":["post-25547","page","type-page","status-publish","hentry"],"yoast_head":"<!-- This site is optimized with the Yoast SEO plugin v26.9 - https:\/\/yoast.com\/product\/yoast-seo-wordpress\/ -->\n<title>Teste de site e teste de usabilidade | Trymata (anteriormente TryMyUI)<\/title>\n<meta name=\"description\" content=\"Com os testes de sites da Trymata, voc\u00ea pode realizar facilmente testes de usabilidade de sites em qualquer dispositivo - desktop, celular ou tablet. Obtenha insights reais sobre a experi\u00eancia do usu\u00e1rio e oriente seu site para atender \u00e0s necessidades e expectativas reais do usu\u00e1rio.\" \/>\n<meta name=\"robots\" content=\"index, follow, max-snippet:-1, max-image-preview:large, max-video-preview:-1\" \/>\n<link rel=\"canonical\" href=\"https:\/\/trymata.com\/pt-br\/\" \/>\n<meta property=\"og:locale\" content=\"pt_BR\" \/>\n<meta property=\"og:type\" content=\"article\" \/>\n<meta property=\"og:title\" content=\"Teste de site e teste de usabilidade | Trymata (anteriormente TryMyUI)\" \/>\n<meta property=\"og:description\" content=\"Com os testes de sites da Trymata, voc\u00ea pode realizar facilmente testes de usabilidade de sites em qualquer dispositivo - desktop, celular ou tablet. Obtenha insights reais sobre a experi\u00eancia do usu\u00e1rio e oriente seu site para atender \u00e0s necessidades e expectativas reais do usu\u00e1rio.\" \/>\n<meta property=\"og:url\" content=\"https:\/\/trymata.com\/pt-br\/\" \/>\n<meta property=\"og:site_name\" content=\"Trymata\" \/>\n<meta name=\"twitter:card\" content=\"summary_large_image\" \/>\n<meta name=\"twitter:site\" content=\"@trymyui\" \/>\n<!-- \/ Yoast SEO plugin. -->","yoast_head_json":{"title":"Teste de site e teste de usabilidade | Trymata (anteriormente TryMyUI)","description":"Com os testes de sites da Trymata, voc\u00ea pode realizar facilmente testes de usabilidade de sites em qualquer dispositivo - desktop, celular ou tablet. Obtenha insights reais sobre a experi\u00eancia do usu\u00e1rio e oriente seu site para atender \u00e0s necessidades e expectativas reais do usu\u00e1rio.","robots":{"index":"index","follow":"follow","max-snippet":"max-snippet:-1","max-image-preview":"max-image-preview:large","max-video-preview":"max-video-preview:-1"},"canonical":"https:\/\/trymata.com\/pt-br\/","og_locale":"pt_BR","og_type":"article","og_title":"Teste de site e teste de usabilidade | Trymata (anteriormente TryMyUI)","og_description":"Com os testes de sites da Trymata, voc\u00ea pode realizar facilmente testes de usabilidade de sites em qualquer dispositivo - desktop, celular ou tablet. Obtenha insights reais sobre a experi\u00eancia do usu\u00e1rio e oriente seu site para atender \u00e0s necessidades e expectativas reais do usu\u00e1rio.","og_url":"https:\/\/trymata.com\/pt-br\/","og_site_name":"Trymata","twitter_card":"summary_large_image","twitter_site":"@trymyui","schema":{"@context":"https:\/\/schema.org","@graph":[{"@type":"WebPage","@id":"https:\/\/trymata.com\/pt-br\/","url":"https:\/\/trymata.com\/pt-br\/","name":"Teste de site e teste de usabilidade | Trymata (anteriormente TryMyUI)","isPartOf":{"@id":"https:\/\/trymata.com\/pt-br\/#website"},"datePublished":"2023-09-22T12:53:18+00:00","description":"Com os testes de sites da Trymata, voc\u00ea pode realizar facilmente testes de usabilidade de sites em qualquer dispositivo - desktop, celular ou tablet. Obtenha insights reais sobre a experi\u00eancia do usu\u00e1rio e oriente seu site para atender \u00e0s necessidades e expectativas reais do usu\u00e1rio.","breadcrumb":{"@id":"https:\/\/trymata.com\/pt-br\/#breadcrumb"},"inLanguage":"pt-BR","potentialAction":[{"@type":"ReadAction","target":["https:\/\/trymata.com\/pt-br\/"]}]},{"@type":"BreadcrumbList","@id":"https:\/\/trymata.com\/pt-br\/#breadcrumb","itemListElement":[{"@type":"ListItem","position":1,"name":"Home","item":"https:\/\/trymata.com\/pt-br\/"},{"@type":"ListItem","position":2,"name":"P\u00e1gina inicial"}]},{"@type":"WebSite","@id":"https:\/\/trymata.com\/pt-br\/#website","url":"https:\/\/trymata.com\/pt-br\/","name":"Trymata","description":"","potentialAction":[{"@type":"SearchAction","target":{"@type":"EntryPoint","urlTemplate":"https:\/\/trymata.com\/pt-br\/?s={search_term_string}"},"query-input":{"@type":"PropertyValueSpecification","valueRequired":true,"valueName":"search_term_string"}}],"inLanguage":"pt-BR"}]}},"_links":{"self":[{"href":"https:\/\/trymata.com\/pt-br\/wp-json\/wp\/v2\/pages\/25547","targetHints":{"allow":["GET"]}}],"collection":[{"href":"https:\/\/trymata.com\/pt-br\/wp-json\/wp\/v2\/pages"}],"about":[{"href":"https:\/\/trymata.com\/pt-br\/wp-json\/wp\/v2\/types\/page"}],"author":[{"embeddable":true,"href":"https:\/\/trymata.com\/pt-br\/wp-json\/wp\/v2\/users\/1"}],"replies":[{"embeddable":true,"href":"https:\/\/trymata.com\/pt-br\/wp-json\/wp\/v2\/comments?post=25547"}],"version-history":[{"count":0,"href":"https:\/\/trymata.com\/pt-br\/wp-json\/wp\/v2\/pages\/25547\/revisions"}],"wp:attachment":[{"href":"https:\/\/trymata.com\/pt-br\/wp-json\/wp\/v2\/media?parent=25547"}],"curies":[{"name":"wp","href":"https:\/\/api.w.org\/{rel}","templated":true}]}}