
{"id":25737,"date":"2025-02-05T12:51:46","date_gmt":"2025-02-05T19:51:46","guid":{"rendered":"https:\/\/trymata.com\/torne-se-um-testador-de-ux\/"},"modified":"2025-04-03T23:23:46","modified_gmt":"2025-04-04T05:23:46","slug":"torne-se-um-testador-de-ux","status":"publish","type":"page","link":"https:\/\/trymata.com\/pt-br\/torne-se-um-testador-de-ux\/","title":{"rendered":"Torne-se um testador de UX"},"content":{"rendered":"","protected":false},"excerpt":{"rendered":"","protected":false},"author":1,"featured_media":0,"parent":0,"menu_order":0,"comment_status":"closed","ping_status":"closed","template":"templates\/why-trymata-startups-vcs.php","meta":{"footnotes":""},"class_list":["post-25737","page","type-page","status-publish","hentry"],"yoast_head":"<!-- This site is optimized with the Yoast SEO plugin v26.9 - https:\/\/yoast.com\/product\/yoast-seo-wordpress\/ -->\n<title>Torne-se um testador de experi\u00eancia do usu\u00e1rio e seja pago por isso Trymata<\/title>\n<meta name=\"description\" content=\"As Ferramentas de Pesquisa de Experi\u00eancia do Usu\u00e1rio (UX) da Trymata permitem que voc\u00ea realize pesquisas qualitativas e quantitativas de UX em dispositivos e produtos digitais, sejam eles sites, aplicativos ou softwares. Comece a realizar pesquisas de experi\u00eancia do usu\u00e1rio gratuitamente e obtenha insights reais sobre as necessidades e prefer\u00eancias do usu\u00e1rio.\" \/>\n<meta name=\"robots\" content=\"index, follow, max-snippet:-1, max-image-preview:large, max-video-preview:-1\" \/>\n<link rel=\"canonical\" href=\"https:\/\/trymata.com\/pt-br\/torne-se-um-testador-de-ux\/\" \/>\n<meta property=\"og:locale\" content=\"pt_BR\" \/>\n<meta property=\"og:type\" content=\"article\" \/>\n<meta property=\"og:title\" content=\"Torne-se um testador de experi\u00eancia do usu\u00e1rio e seja pago por isso Trymata\" \/>\n<meta property=\"og:description\" content=\"As Ferramentas de Pesquisa de Experi\u00eancia do Usu\u00e1rio (UX) da Trymata permitem que voc\u00ea realize pesquisas qualitativas e quantitativas de UX em dispositivos e produtos digitais, sejam eles sites, aplicativos ou softwares. Comece a realizar pesquisas de experi\u00eancia do usu\u00e1rio gratuitamente e obtenha insights reais sobre as necessidades e prefer\u00eancias do usu\u00e1rio.\" \/>\n<meta property=\"og:url\" content=\"https:\/\/trymata.com\/pt-br\/torne-se-um-testador-de-ux\/\" \/>\n<meta property=\"og:site_name\" content=\"Trymata\" \/>\n<meta property=\"article:modified_time\" content=\"2025-04-04T05:23:46+00:00\" \/>\n<meta name=\"twitter:card\" content=\"summary_large_image\" \/>\n<meta name=\"twitter:site\" content=\"@trymyui\" \/>\n<!-- \/ Yoast SEO plugin. -->","yoast_head_json":{"title":"Torne-se um testador de experi\u00eancia do usu\u00e1rio e seja pago por isso Trymata","description":"As Ferramentas de Pesquisa de Experi\u00eancia do Usu\u00e1rio (UX) da Trymata permitem que voc\u00ea realize pesquisas qualitativas e quantitativas de UX em dispositivos e produtos digitais, sejam eles sites, aplicativos ou softwares. Comece a realizar pesquisas de experi\u00eancia do usu\u00e1rio gratuitamente e obtenha insights reais sobre as necessidades e prefer\u00eancias do usu\u00e1rio.","robots":{"index":"index","follow":"follow","max-snippet":"max-snippet:-1","max-image-preview":"max-image-preview:large","max-video-preview":"max-video-preview:-1"},"canonical":"https:\/\/trymata.com\/pt-br\/torne-se-um-testador-de-ux\/","og_locale":"pt_BR","og_type":"article","og_title":"Torne-se um testador de experi\u00eancia do usu\u00e1rio e seja pago por isso Trymata","og_description":"As Ferramentas de Pesquisa de Experi\u00eancia do Usu\u00e1rio (UX) da Trymata permitem que voc\u00ea realize pesquisas qualitativas e quantitativas de UX em dispositivos e produtos digitais, sejam eles sites, aplicativos ou softwares. Comece a realizar pesquisas de experi\u00eancia do usu\u00e1rio gratuitamente e obtenha insights reais sobre as necessidades e prefer\u00eancias do usu\u00e1rio.","og_url":"https:\/\/trymata.com\/pt-br\/torne-se-um-testador-de-ux\/","og_site_name":"Trymata","article_modified_time":"2025-04-04T05:23:46+00:00","twitter_card":"summary_large_image","twitter_site":"@trymyui","schema":{"@context":"https:\/\/schema.org","@graph":[{"@type":"WebPage","@id":"https:\/\/trymata.com\/pt-br\/torne-se-um-testador-de-ux\/","url":"https:\/\/trymata.com\/pt-br\/torne-se-um-testador-de-ux\/","name":"Torne-se um testador de experi\u00eancia do usu\u00e1rio e seja pago por isso Trymata","isPartOf":{"@id":"https:\/\/trymata.com\/pt-br\/#website"},"datePublished":"2025-02-05T19:51:46+00:00","dateModified":"2025-04-04T05:23:46+00:00","description":"As Ferramentas de Pesquisa de Experi\u00eancia do Usu\u00e1rio (UX) da Trymata permitem que voc\u00ea realize pesquisas qualitativas e quantitativas de UX em dispositivos e produtos digitais, sejam eles sites, aplicativos ou softwares. Comece a realizar pesquisas de experi\u00eancia do usu\u00e1rio gratuitamente e obtenha insights reais sobre as necessidades e prefer\u00eancias do usu\u00e1rio.","breadcrumb":{"@id":"https:\/\/trymata.com\/pt-br\/torne-se-um-testador-de-ux\/#breadcrumb"},"inLanguage":"pt-BR","potentialAction":[{"@type":"ReadAction","target":["https:\/\/trymata.com\/pt-br\/torne-se-um-testador-de-ux\/"]}]},{"@type":"BreadcrumbList","@id":"https:\/\/trymata.com\/pt-br\/torne-se-um-testador-de-ux\/#breadcrumb","itemListElement":[{"@type":"ListItem","position":1,"name":"Home","item":"https:\/\/trymata.com\/pt-br\/"},{"@type":"ListItem","position":2,"name":"Torne-se um testador de UX"}]},{"@type":"WebSite","@id":"https:\/\/trymata.com\/pt-br\/#website","url":"https:\/\/trymata.com\/pt-br\/","name":"Trymata","description":"","potentialAction":[{"@type":"SearchAction","target":{"@type":"EntryPoint","urlTemplate":"https:\/\/trymata.com\/pt-br\/?s={search_term_string}"},"query-input":{"@type":"PropertyValueSpecification","valueRequired":true,"valueName":"search_term_string"}}],"inLanguage":"pt-BR"}]}},"_links":{"self":[{"href":"https:\/\/trymata.com\/pt-br\/wp-json\/wp\/v2\/pages\/25737","targetHints":{"allow":["GET"]}}],"collection":[{"href":"https:\/\/trymata.com\/pt-br\/wp-json\/wp\/v2\/pages"}],"about":[{"href":"https:\/\/trymata.com\/pt-br\/wp-json\/wp\/v2\/types\/page"}],"author":[{"embeddable":true,"href":"https:\/\/trymata.com\/pt-br\/wp-json\/wp\/v2\/users\/1"}],"replies":[{"embeddable":true,"href":"https:\/\/trymata.com\/pt-br\/wp-json\/wp\/v2\/comments?post=25737"}],"version-history":[{"count":1,"href":"https:\/\/trymata.com\/pt-br\/wp-json\/wp\/v2\/pages\/25737\/revisions"}],"predecessor-version":[{"id":26423,"href":"https:\/\/trymata.com\/pt-br\/wp-json\/wp\/v2\/pages\/25737\/revisions\/26423"}],"wp:attachment":[{"href":"https:\/\/trymata.com\/pt-br\/wp-json\/wp\/v2\/media?parent=25737"}],"curies":[{"name":"wp","href":"https:\/\/api.w.org\/{rel}","templated":true}]}}