
{"id":26344,"date":"2023-09-22T06:58:07","date_gmt":"2023-09-22T12:58:07","guid":{"rendered":"https:\/\/trymata.com\/ferramenta-de-teste-de-comercio-eletronico\/"},"modified":"2023-09-22T06:58:07","modified_gmt":"2023-09-22T12:58:07","slug":"ferramenta-de-teste-de-comercio-eletronico","status":"publish","type":"page","link":"https:\/\/trymata.com\/pt-br\/ferramenta-de-teste-de-comercio-eletronico\/","title":{"rendered":"Ferramenta de teste de com\u00e9rcio eletr\u00f4nico"},"content":{"rendered":"","protected":false},"excerpt":{"rendered":"","protected":false},"author":1,"featured_media":0,"parent":0,"menu_order":0,"comment_status":"closed","ping_status":"closed","template":"templates\/why-trymata-ecommerce.php","meta":{"footnotes":""},"class_list":["post-26344","page","type-page","status-publish","hentry"],"yoast_head":"<!-- This site is optimized with the Yoast SEO plugin v26.9 - https:\/\/yoast.com\/product\/yoast-seo-wordpress\/ -->\n<title>Ferramenta de teste de com\u00e9rcio eletr\u00f4nico - Trymata<\/title>\n<meta name=\"description\" content=\"A ferramenta de teste de com\u00e9rcio eletr\u00f4nico da Trymata permite que voc\u00ea teste seu site, aplicativo ou software de com\u00e9rcio eletr\u00f4nico quanto \u00e0 experi\u00eancia do usu\u00e1rio, usabilidade, localiza\u00e7\u00e3o de pontos problem\u00e1ticos de UX e muito mais. Integre seu pr\u00f3prio painel ou recrute a partir de um grupo de testadores da Trymata e obtenha insights pr\u00e1ticos para melhorar seu portal de com\u00e9rcio eletr\u00f4nico.\" \/>\n<meta name=\"robots\" content=\"index, follow, max-snippet:-1, max-image-preview:large, max-video-preview:-1\" \/>\n<link rel=\"canonical\" href=\"https:\/\/trymata.com\/pt-br\/ferramenta-de-teste-de-comercio-eletronico\/\" \/>\n<meta property=\"og:locale\" content=\"pt_BR\" \/>\n<meta property=\"og:type\" content=\"article\" \/>\n<meta property=\"og:title\" content=\"Ferramenta de teste de com\u00e9rcio eletr\u00f4nico - Trymata\" \/>\n<meta property=\"og:description\" content=\"A ferramenta de teste de com\u00e9rcio eletr\u00f4nico da Trymata permite que voc\u00ea teste seu site, aplicativo ou software de com\u00e9rcio eletr\u00f4nico quanto \u00e0 experi\u00eancia do usu\u00e1rio, usabilidade, localiza\u00e7\u00e3o de pontos problem\u00e1ticos de UX e muito mais. Integre seu pr\u00f3prio painel ou recrute a partir de um grupo de testadores da Trymata e obtenha insights pr\u00e1ticos para melhorar seu portal de com\u00e9rcio eletr\u00f4nico.\" \/>\n<meta property=\"og:url\" content=\"https:\/\/trymata.com\/pt-br\/ferramenta-de-teste-de-comercio-eletronico\/\" \/>\n<meta property=\"og:site_name\" content=\"Trymata\" \/>\n<meta property=\"og:image\" content=\"https:\/\/trymata.com\/wp-content\/uploads\/2025\/01\/e-commerce-testing-tool-1024x484.jpg\" \/>\n<meta name=\"twitter:card\" content=\"summary_large_image\" \/>\n<meta name=\"twitter:site\" content=\"@trymyui\" \/>\n<!-- \/ Yoast SEO plugin. -->","yoast_head_json":{"title":"Ferramenta de teste de com\u00e9rcio eletr\u00f4nico - Trymata","description":"A ferramenta de teste de com\u00e9rcio eletr\u00f4nico da Trymata permite que voc\u00ea teste seu site, aplicativo ou software de com\u00e9rcio eletr\u00f4nico quanto \u00e0 experi\u00eancia do usu\u00e1rio, usabilidade, localiza\u00e7\u00e3o de pontos problem\u00e1ticos de UX e muito mais. Integre seu pr\u00f3prio painel ou recrute a partir de um grupo de testadores da Trymata e obtenha insights pr\u00e1ticos para melhorar seu portal de com\u00e9rcio eletr\u00f4nico.","robots":{"index":"index","follow":"follow","max-snippet":"max-snippet:-1","max-image-preview":"max-image-preview:large","max-video-preview":"max-video-preview:-1"},"canonical":"https:\/\/trymata.com\/pt-br\/ferramenta-de-teste-de-comercio-eletronico\/","og_locale":"pt_BR","og_type":"article","og_title":"Ferramenta de teste de com\u00e9rcio eletr\u00f4nico - Trymata","og_description":"A ferramenta de teste de com\u00e9rcio eletr\u00f4nico da Trymata permite que voc\u00ea teste seu site, aplicativo ou software de com\u00e9rcio eletr\u00f4nico quanto \u00e0 experi\u00eancia do usu\u00e1rio, usabilidade, localiza\u00e7\u00e3o de pontos problem\u00e1ticos de UX e muito mais. Integre seu pr\u00f3prio painel ou recrute a partir de um grupo de testadores da Trymata e obtenha insights pr\u00e1ticos para melhorar seu portal de com\u00e9rcio eletr\u00f4nico.","og_url":"https:\/\/trymata.com\/pt-br\/ferramenta-de-teste-de-comercio-eletronico\/","og_site_name":"Trymata","og_image":[{"url":"https:\/\/trymata.com\/wp-content\/uploads\/2025\/01\/e-commerce-testing-tool-1024x484.jpg","type":"","width":"","height":""}],"twitter_card":"summary_large_image","twitter_site":"@trymyui","schema":{"@context":"https:\/\/schema.org","@graph":[{"@type":"WebPage","@id":"https:\/\/trymata.com\/pt-br\/ferramenta-de-teste-de-comercio-eletronico\/","url":"https:\/\/trymata.com\/pt-br\/ferramenta-de-teste-de-comercio-eletronico\/","name":"Ferramenta de teste de com\u00e9rcio eletr\u00f4nico - Trymata","isPartOf":{"@id":"https:\/\/trymata.com\/pt-br\/#website"},"datePublished":"2023-09-22T12:58:07+00:00","description":"A ferramenta de teste de com\u00e9rcio eletr\u00f4nico da Trymata permite que voc\u00ea teste seu site, aplicativo ou software de com\u00e9rcio eletr\u00f4nico quanto \u00e0 experi\u00eancia do usu\u00e1rio, usabilidade, localiza\u00e7\u00e3o de pontos problem\u00e1ticos de UX e muito mais. Integre seu pr\u00f3prio painel ou recrute a partir de um grupo de testadores da Trymata e obtenha insights pr\u00e1ticos para melhorar seu portal de com\u00e9rcio eletr\u00f4nico.","breadcrumb":{"@id":"https:\/\/trymata.com\/pt-br\/ferramenta-de-teste-de-comercio-eletronico\/#breadcrumb"},"inLanguage":"pt-BR","potentialAction":[{"@type":"ReadAction","target":["https:\/\/trymata.com\/pt-br\/ferramenta-de-teste-de-comercio-eletronico\/"]}]},{"@type":"BreadcrumbList","@id":"https:\/\/trymata.com\/pt-br\/ferramenta-de-teste-de-comercio-eletronico\/#breadcrumb","itemListElement":[{"@type":"ListItem","position":1,"name":"Home","item":"https:\/\/trymata.com\/pt-br\/"},{"@type":"ListItem","position":2,"name":"Ferramenta de teste de com\u00e9rcio eletr\u00f4nico"}]},{"@type":"WebSite","@id":"https:\/\/trymata.com\/pt-br\/#website","url":"https:\/\/trymata.com\/pt-br\/","name":"Trymata","description":"","potentialAction":[{"@type":"SearchAction","target":{"@type":"EntryPoint","urlTemplate":"https:\/\/trymata.com\/pt-br\/?s={search_term_string}"},"query-input":{"@type":"PropertyValueSpecification","valueRequired":true,"valueName":"search_term_string"}}],"inLanguage":"pt-BR"}]}},"_links":{"self":[{"href":"https:\/\/trymata.com\/pt-br\/wp-json\/wp\/v2\/pages\/26344","targetHints":{"allow":["GET"]}}],"collection":[{"href":"https:\/\/trymata.com\/pt-br\/wp-json\/wp\/v2\/pages"}],"about":[{"href":"https:\/\/trymata.com\/pt-br\/wp-json\/wp\/v2\/types\/page"}],"author":[{"embeddable":true,"href":"https:\/\/trymata.com\/pt-br\/wp-json\/wp\/v2\/users\/1"}],"replies":[{"embeddable":true,"href":"https:\/\/trymata.com\/pt-br\/wp-json\/wp\/v2\/comments?post=26344"}],"version-history":[{"count":0,"href":"https:\/\/trymata.com\/pt-br\/wp-json\/wp\/v2\/pages\/26344\/revisions"}],"wp:attachment":[{"href":"https:\/\/trymata.com\/pt-br\/wp-json\/wp\/v2\/media?parent=26344"}],"curies":[{"name":"wp","href":"https:\/\/api.w.org\/{rel}","templated":true}]}}