
{"id":26438,"date":"2023-09-22T06:57:38","date_gmt":"2023-09-22T12:57:38","guid":{"rendered":"https:\/\/trymata.com\/ferramentas-de-teste-de-interface-do-usuario-ui\/"},"modified":"2023-09-22T06:57:38","modified_gmt":"2023-09-22T12:57:38","slug":"ferramentas-de-teste-de-interface-do-usuario-ui","status":"publish","type":"page","link":"https:\/\/trymata.com\/pt-br\/ferramentas-de-teste-de-interface-do-usuario-ui\/","title":{"rendered":"Ferramentas de teste de interface do usu\u00e1rio (UI)"},"content":{"rendered":"","protected":false},"excerpt":{"rendered":"","protected":false},"author":1,"featured_media":0,"parent":0,"menu_order":0,"comment_status":"closed","ping_status":"closed","template":"templates\/why-trymata-product.php","meta":{"footnotes":""},"class_list":["post-26438","page","type-page","status-publish","hentry"],"yoast_head":"<!-- This site is optimized with the Yoast SEO plugin v26.9 - https:\/\/yoast.com\/product\/yoast-seo-wordpress\/ -->\n<title>Ferramentas de teste de interface do usu\u00e1rio (UI) - Trymata<\/title>\n<meta name=\"description\" content=\"As Ferramentas de Teste de Interface do Usu\u00e1rio (UI) da Trymata s\u00e3o uma maneira infal\u00edvel de eliminar as suposi\u00e7\u00f5es sobre a UI e descobrir o que os usu\u00e1rios realmente querem e preferem. Teste a IU de seu site, aplicativo, software ou qualquer produto digital. Voc\u00ea pode come\u00e7ar gratuitamente!\" \/>\n<meta name=\"robots\" content=\"index, follow, max-snippet:-1, max-image-preview:large, max-video-preview:-1\" \/>\n<link rel=\"canonical\" href=\"https:\/\/trymata.com\/pt-br\/ferramentas-de-teste-de-interface-do-usuario-ui\/\" \/>\n<meta property=\"og:locale\" content=\"pt_BR\" \/>\n<meta property=\"og:type\" content=\"article\" \/>\n<meta property=\"og:title\" content=\"Ferramentas de teste de interface do usu\u00e1rio (UI) - Trymata\" \/>\n<meta property=\"og:description\" content=\"As Ferramentas de Teste de Interface do Usu\u00e1rio (UI) da Trymata s\u00e3o uma maneira infal\u00edvel de eliminar as suposi\u00e7\u00f5es sobre a UI e descobrir o que os usu\u00e1rios realmente querem e preferem. Teste a IU de seu site, aplicativo, software ou qualquer produto digital. Voc\u00ea pode come\u00e7ar gratuitamente!\" \/>\n<meta property=\"og:url\" content=\"https:\/\/trymata.com\/pt-br\/ferramentas-de-teste-de-interface-do-usuario-ui\/\" \/>\n<meta property=\"og:site_name\" content=\"Trymata\" \/>\n<meta name=\"twitter:card\" content=\"summary_large_image\" \/>\n<meta name=\"twitter:site\" content=\"@trymyui\" \/>\n<!-- \/ Yoast SEO plugin. -->","yoast_head_json":{"title":"Ferramentas de teste de interface do usu\u00e1rio (UI) - Trymata","description":"As Ferramentas de Teste de Interface do Usu\u00e1rio (UI) da Trymata s\u00e3o uma maneira infal\u00edvel de eliminar as suposi\u00e7\u00f5es sobre a UI e descobrir o que os usu\u00e1rios realmente querem e preferem. Teste a IU de seu site, aplicativo, software ou qualquer produto digital. Voc\u00ea pode come\u00e7ar gratuitamente!","robots":{"index":"index","follow":"follow","max-snippet":"max-snippet:-1","max-image-preview":"max-image-preview:large","max-video-preview":"max-video-preview:-1"},"canonical":"https:\/\/trymata.com\/pt-br\/ferramentas-de-teste-de-interface-do-usuario-ui\/","og_locale":"pt_BR","og_type":"article","og_title":"Ferramentas de teste de interface do usu\u00e1rio (UI) - Trymata","og_description":"As Ferramentas de Teste de Interface do Usu\u00e1rio (UI) da Trymata s\u00e3o uma maneira infal\u00edvel de eliminar as suposi\u00e7\u00f5es sobre a UI e descobrir o que os usu\u00e1rios realmente querem e preferem. Teste a IU de seu site, aplicativo, software ou qualquer produto digital. Voc\u00ea pode come\u00e7ar gratuitamente!","og_url":"https:\/\/trymata.com\/pt-br\/ferramentas-de-teste-de-interface-do-usuario-ui\/","og_site_name":"Trymata","twitter_card":"summary_large_image","twitter_site":"@trymyui","schema":{"@context":"https:\/\/schema.org","@graph":[{"@type":"WebPage","@id":"https:\/\/trymata.com\/pt-br\/ferramentas-de-teste-de-interface-do-usuario-ui\/","url":"https:\/\/trymata.com\/pt-br\/ferramentas-de-teste-de-interface-do-usuario-ui\/","name":"Ferramentas de teste de interface do usu\u00e1rio (UI) - Trymata","isPartOf":{"@id":"https:\/\/trymata.com\/pt-br\/#website"},"datePublished":"2023-09-22T12:57:38+00:00","description":"As Ferramentas de Teste de Interface do Usu\u00e1rio (UI) da Trymata s\u00e3o uma maneira infal\u00edvel de eliminar as suposi\u00e7\u00f5es sobre a UI e descobrir o que os usu\u00e1rios realmente querem e preferem. Teste a IU de seu site, aplicativo, software ou qualquer produto digital. Voc\u00ea pode come\u00e7ar gratuitamente!","breadcrumb":{"@id":"https:\/\/trymata.com\/pt-br\/ferramentas-de-teste-de-interface-do-usuario-ui\/#breadcrumb"},"inLanguage":"pt-BR","potentialAction":[{"@type":"ReadAction","target":["https:\/\/trymata.com\/pt-br\/ferramentas-de-teste-de-interface-do-usuario-ui\/"]}]},{"@type":"BreadcrumbList","@id":"https:\/\/trymata.com\/pt-br\/ferramentas-de-teste-de-interface-do-usuario-ui\/#breadcrumb","itemListElement":[{"@type":"ListItem","position":1,"name":"Home","item":"https:\/\/trymata.com\/pt-br\/"},{"@type":"ListItem","position":2,"name":"Ferramentas de teste de interface do usu\u00e1rio (UI)"}]},{"@type":"WebSite","@id":"https:\/\/trymata.com\/pt-br\/#website","url":"https:\/\/trymata.com\/pt-br\/","name":"Trymata","description":"","potentialAction":[{"@type":"SearchAction","target":{"@type":"EntryPoint","urlTemplate":"https:\/\/trymata.com\/pt-br\/?s={search_term_string}"},"query-input":{"@type":"PropertyValueSpecification","valueRequired":true,"valueName":"search_term_string"}}],"inLanguage":"pt-BR"}]}},"_links":{"self":[{"href":"https:\/\/trymata.com\/pt-br\/wp-json\/wp\/v2\/pages\/26438","targetHints":{"allow":["GET"]}}],"collection":[{"href":"https:\/\/trymata.com\/pt-br\/wp-json\/wp\/v2\/pages"}],"about":[{"href":"https:\/\/trymata.com\/pt-br\/wp-json\/wp\/v2\/types\/page"}],"author":[{"embeddable":true,"href":"https:\/\/trymata.com\/pt-br\/wp-json\/wp\/v2\/users\/1"}],"replies":[{"embeddable":true,"href":"https:\/\/trymata.com\/pt-br\/wp-json\/wp\/v2\/comments?post=26438"}],"version-history":[{"count":0,"href":"https:\/\/trymata.com\/pt-br\/wp-json\/wp\/v2\/pages\/26438\/revisions"}],"wp:attachment":[{"href":"https:\/\/trymata.com\/pt-br\/wp-json\/wp\/v2\/media?parent=26438"}],"curies":[{"name":"wp","href":"https:\/\/api.w.org\/{rel}","templated":true}]}}