
{"id":26446,"date":"2023-09-25T06:53:02","date_gmt":"2023-09-25T12:53:02","guid":{"rendered":"https:\/\/trymata.com\/ferramenta-de-teste-de-usabilidade\/"},"modified":"2023-09-25T06:53:02","modified_gmt":"2023-09-25T12:53:02","slug":"ferramenta-de-teste-de-usabilidade","status":"publish","type":"page","link":"https:\/\/trymata.com\/pt-br\/ferramenta-de-teste-de-usabilidade\/","title":{"rendered":"Ferramenta de teste de usabilidade"},"content":{"rendered":"","protected":false},"excerpt":{"rendered":"","protected":false},"author":1,"featured_media":0,"parent":0,"menu_order":0,"comment_status":"closed","ping_status":"closed","template":"templates\/platform-usability-testing.php","meta":{"footnotes":""},"class_list":["post-26446","page","type-page","status-publish","hentry"],"yoast_head":"<!-- This site is optimized with the Yoast SEO plugin v26.9 - https:\/\/yoast.com\/product\/yoast-seo-wordpress\/ -->\n<title>Ferramenta de teste de usabilidade - Trymata<\/title>\n<meta name=\"description\" content=\"A ferramenta de teste de usabilidade da Trymata permite que voc\u00ea realize testes de usabilidade moderados e n\u00e3o moderados em todos os dispositivos e produtos digitais, sejam eles sites, aplicativos ou softwares. Obtenha uma conta gratuita e comece a coletar percep\u00e7\u00f5es reais do usu\u00e1rio e elimine as suposi\u00e7\u00f5es.\" \/>\n<meta name=\"robots\" content=\"index, follow, max-snippet:-1, max-image-preview:large, max-video-preview:-1\" \/>\n<link rel=\"canonical\" href=\"https:\/\/trymata.com\/pt-br\/ferramenta-de-teste-de-usabilidade\/\" \/>\n<meta property=\"og:locale\" content=\"pt_BR\" \/>\n<meta property=\"og:type\" content=\"article\" \/>\n<meta property=\"og:title\" content=\"Ferramenta de teste de usabilidade - Trymata\" \/>\n<meta property=\"og:description\" content=\"A ferramenta de teste de usabilidade da Trymata permite que voc\u00ea realize testes de usabilidade moderados e n\u00e3o moderados em todos os dispositivos e produtos digitais, sejam eles sites, aplicativos ou softwares. Obtenha uma conta gratuita e comece a coletar percep\u00e7\u00f5es reais do usu\u00e1rio e elimine as suposi\u00e7\u00f5es.\" \/>\n<meta property=\"og:url\" content=\"https:\/\/trymata.com\/pt-br\/ferramenta-de-teste-de-usabilidade\/\" \/>\n<meta property=\"og:site_name\" content=\"Trymata\" \/>\n<meta name=\"twitter:card\" content=\"summary_large_image\" \/>\n<meta name=\"twitter:site\" content=\"@trymyui\" \/>\n<!-- \/ Yoast SEO plugin. -->","yoast_head_json":{"title":"Ferramenta de teste de usabilidade - Trymata","description":"A ferramenta de teste de usabilidade da Trymata permite que voc\u00ea realize testes de usabilidade moderados e n\u00e3o moderados em todos os dispositivos e produtos digitais, sejam eles sites, aplicativos ou softwares. Obtenha uma conta gratuita e comece a coletar percep\u00e7\u00f5es reais do usu\u00e1rio e elimine as suposi\u00e7\u00f5es.","robots":{"index":"index","follow":"follow","max-snippet":"max-snippet:-1","max-image-preview":"max-image-preview:large","max-video-preview":"max-video-preview:-1"},"canonical":"https:\/\/trymata.com\/pt-br\/ferramenta-de-teste-de-usabilidade\/","og_locale":"pt_BR","og_type":"article","og_title":"Ferramenta de teste de usabilidade - Trymata","og_description":"A ferramenta de teste de usabilidade da Trymata permite que voc\u00ea realize testes de usabilidade moderados e n\u00e3o moderados em todos os dispositivos e produtos digitais, sejam eles sites, aplicativos ou softwares. Obtenha uma conta gratuita e comece a coletar percep\u00e7\u00f5es reais do usu\u00e1rio e elimine as suposi\u00e7\u00f5es.","og_url":"https:\/\/trymata.com\/pt-br\/ferramenta-de-teste-de-usabilidade\/","og_site_name":"Trymata","twitter_card":"summary_large_image","twitter_site":"@trymyui","schema":{"@context":"https:\/\/schema.org","@graph":[{"@type":"WebPage","@id":"https:\/\/trymata.com\/pt-br\/ferramenta-de-teste-de-usabilidade\/","url":"https:\/\/trymata.com\/pt-br\/ferramenta-de-teste-de-usabilidade\/","name":"Ferramenta de teste de usabilidade - Trymata","isPartOf":{"@id":"https:\/\/trymata.com\/pt-br\/#website"},"datePublished":"2023-09-25T12:53:02+00:00","description":"A ferramenta de teste de usabilidade da Trymata permite que voc\u00ea realize testes de usabilidade moderados e n\u00e3o moderados em todos os dispositivos e produtos digitais, sejam eles sites, aplicativos ou softwares. Obtenha uma conta gratuita e comece a coletar percep\u00e7\u00f5es reais do usu\u00e1rio e elimine as suposi\u00e7\u00f5es.","breadcrumb":{"@id":"https:\/\/trymata.com\/pt-br\/ferramenta-de-teste-de-usabilidade\/#breadcrumb"},"inLanguage":"pt-BR","potentialAction":[{"@type":"ReadAction","target":["https:\/\/trymata.com\/pt-br\/ferramenta-de-teste-de-usabilidade\/"]}]},{"@type":"BreadcrumbList","@id":"https:\/\/trymata.com\/pt-br\/ferramenta-de-teste-de-usabilidade\/#breadcrumb","itemListElement":[{"@type":"ListItem","position":1,"name":"Home","item":"https:\/\/trymata.com\/pt-br\/"},{"@type":"ListItem","position":2,"name":"Ferramenta de teste de usabilidade"}]},{"@type":"WebSite","@id":"https:\/\/trymata.com\/pt-br\/#website","url":"https:\/\/trymata.com\/pt-br\/","name":"Trymata","description":"","potentialAction":[{"@type":"SearchAction","target":{"@type":"EntryPoint","urlTemplate":"https:\/\/trymata.com\/pt-br\/?s={search_term_string}"},"query-input":{"@type":"PropertyValueSpecification","valueRequired":true,"valueName":"search_term_string"}}],"inLanguage":"pt-BR"}]}},"_links":{"self":[{"href":"https:\/\/trymata.com\/pt-br\/wp-json\/wp\/v2\/pages\/26446","targetHints":{"allow":["GET"]}}],"collection":[{"href":"https:\/\/trymata.com\/pt-br\/wp-json\/wp\/v2\/pages"}],"about":[{"href":"https:\/\/trymata.com\/pt-br\/wp-json\/wp\/v2\/types\/page"}],"author":[{"embeddable":true,"href":"https:\/\/trymata.com\/pt-br\/wp-json\/wp\/v2\/users\/1"}],"replies":[{"embeddable":true,"href":"https:\/\/trymata.com\/pt-br\/wp-json\/wp\/v2\/comments?post=26446"}],"version-history":[{"count":0,"href":"https:\/\/trymata.com\/pt-br\/wp-json\/wp\/v2\/pages\/26446\/revisions"}],"wp:attachment":[{"href":"https:\/\/trymata.com\/pt-br\/wp-json\/wp\/v2\/media?parent=26446"}],"curies":[{"name":"wp","href":"https:\/\/api.w.org\/{rel}","templated":true}]}}